{"id":13049,"date":"2023-09-26T13:10:27","date_gmt":"2023-09-26T13:10:27","guid":{"rendered":"https:\/\/elsordo.net\/es\/?page_id=13049"},"modified":"2024-02-15T17:06:59","modified_gmt":"2024-02-15T17:06:59","slug":"quienes-somos","status":"publish","type":"page","link":"https:\/\/elsordo.net\/es\/quienes-somos\/","title":{"rendered":"Qui\u00e9nes Somos"},"content":{"rendered":"[spb_text_block title=\u00bbElSordo Ediciones\u00bb pb_margin_bottom=\u00bbno\u00bb pb_border_bottom=\u00bbno\u00bb width=\u00bb1\/1&#8243; el_position=\u00bbfirst last\u00bb]\n<p>ElSordo Ediciones es un sello editorial independiente, un proyecto de autoedici\u00f3n de libros de artista, fanzines, \u00e1lbumes ilustrados y ediciones con tem\u00e1ticas diversas que abarcan disciplinas como las artes pl\u00e1sticas (dibujo, pintura, ilustraci\u00f3n, etc.), el c\u00f3mic, la poes\u00eda y la Historia, con la ambici\u00f3n de conectar los recursos de comunicaci\u00f3n m\u00e1s caracter\u00edsticos de cada disciplina. Es una plataforma enfocada a la edici\u00f3n de proyectos editoriales art\u00edsticos en formato \u00e1lbum, cuyo prop\u00f3sito es la creaci\u00f3n y desarrollo de nuevos lenguajes art\u00edsticos, a modo de laboratorio experimental tanto visual como narrativo.<\/p>\n<p>En ElSordo.net tambi\u00e9n vendemos ediciones limitadas, obra gr\u00e1fica seriada, prints a precios econ\u00f3micos y originales, proporcionando la oportunidad a los clientes de saltarse el intermediario para comprar arte directamente del artista. Tambi\u00e9n distribuimos en diversas tiendas especializadas, librer\u00edas y bibliotecas.<\/p>\n<p>Nos gusta la autoedici\u00f3n gr\u00e1fica y todo lo que significa hoy en d\u00eda, como medio para buscar la libertad creativa y la independencia en el control de cada paso, desde el desarrollo de la idea y su libre ejecuci\u00f3n, hasta la impresi\u00f3n en papel y distribuci\u00f3n en mano de feria en feria, en librer\u00edas o a trav\u00e9s de \u00e9sta nuestra tienda online elsordo.net<\/p>\n<p>Estamos ubicados en Madrid (Espa\u00f1a).<\/p>\n<p>&nbsp;<\/p>\n<p><img loading=\"lazy\" decoding=\"async\" class=\"aligncenter wp-image-13067 size-full\" src=\"https:\/\/elsordo.net\/es\/wp-content\/uploads\/2023\/09\/01-LIBRITOS.jpg\" alt=\"Presentaci\u00f3n ElSordo.net - Ediciones\" width=\"2500\" height=\"1668\" srcset=\"https:\/\/elsordo.net\/es\/wp-content\/uploads\/2023\/09\/01-LIBRITOS.jpg 2500w, https:\/\/elsordo.net\/es\/wp-content\/uploads\/2023\/09\/01-LIBRITOS-300x200.jpg 300w, https:\/\/elsordo.net\/es\/wp-content\/uploads\/2023\/09\/01-LIBRITOS-1024x683.jpg 1024w, https:\/\/elsordo.net\/es\/wp-content\/uploads\/2023\/09\/01-LIBRITOS-768x512.jpg 768w, https:\/\/elsordo.net\/es\/wp-content\/uploads\/2023\/09\/01-LIBRITOS-1536x1025.jpg 1536w, https:\/\/elsordo.net\/es\/wp-content\/uploads\/2023\/09\/01-LIBRITOS-2048x1366.jpg 2048w, https:\/\/elsordo.net\/es\/wp-content\/uploads\/2023\/09\/01-LIBRITOS-18x12.jpg 18w, https:\/\/elsordo.net\/es\/wp-content\/uploads\/2023\/09\/01-LIBRITOS-1280x854.jpg 1280w, https:\/\/elsordo.net\/es\/wp-content\/uploads\/2023\/09\/01-LIBRITOS-1320x881.jpg 1320w, https:\/\/elsordo.net\/es\/wp-content\/uploads\/2023\/09\/01-LIBRITOS-600x400.jpg 600w\" sizes=\"auto, (max-width: 2500px) 100vw, 2500px\" \/><\/p>\n<p><img loading=\"lazy\" decoding=\"async\" class=\"aligncenter wp-image-13068 size-full\" src=\"https:\/\/elsordo.net\/es\/wp-content\/uploads\/2023\/09\/02-LIBRITOS.jpg\" alt=\"Presentaci\u00f3n ElSordo.net - Ediciones\" width=\"2500\" height=\"1668\" srcset=\"https:\/\/elsordo.net\/es\/wp-content\/uploads\/2023\/09\/02-LIBRITOS.jpg 2500w, https:\/\/elsordo.net\/es\/wp-content\/uploads\/2023\/09\/02-LIBRITOS-300x200.jpg 300w, https:\/\/elsordo.net\/es\/wp-content\/uploads\/2023\/09\/02-LIBRITOS-1024x683.jpg 1024w, https:\/\/elsordo.net\/es\/wp-content\/uploads\/2023\/09\/02-LIBRITOS-768x512.jpg 768w, https:\/\/elsordo.net\/es\/wp-content\/uploads\/2023\/09\/02-LIBRITOS-1536x1025.jpg 1536w, https:\/\/elsordo.net\/es\/wp-content\/uploads\/2023\/09\/02-LIBRITOS-2048x1366.jpg 2048w, https:\/\/elsordo.net\/es\/wp-content\/uploads\/2023\/09\/02-LIBRITOS-18x12.jpg 18w, https:\/\/elsordo.net\/es\/wp-content\/uploads\/2023\/09\/02-LIBRITOS-1280x854.jpg 1280w, https:\/\/elsordo.net\/es\/wp-content\/uploads\/2023\/09\/02-LIBRITOS-1320x881.jpg 1320w, https:\/\/elsordo.net\/es\/wp-content\/uploads\/2023\/09\/02-LIBRITOS-600x400.jpg 600w\" sizes=\"auto, (max-width: 2500px) 100vw, 2500px\" \/><\/p>\n<p>&nbsp;<\/p>\n[\/spb_text_block] [blank_spacer height=\u00bb30px\u00bb width=\u00bb1\/1&#8243; el_position=\u00bbfirst last\u00bb] [spb_text_block title=\u00bbParticipaci\u00f3n en Ferias de Arte y Edici\u00f3n\u00bb pb_margin_bottom=\u00bbno\u00bb pb_border_bottom=\u00bbno\u00bb width=\u00bb1\/1&#8243; el_position=\u00bbfirst last\u00bb]\n<p>Feria Ilustr\u00edsima. Museo ABC (Madrid)<br \/>\nMazoka. Feria de Dibujo e ilustraci\u00f3n. Centro Cultural Montehermoso (Vitoria-Gasteiz)<br \/>\nOpen Mercado. Museo W\u00fcrth (La Rioja)<br \/>\nKrunch Festival. C.C. Quadernillos (Alcal\u00e1 de Henares, Madrid)<br \/>\nFeria Dibumad. Galer\u00eda de Cristal, Palacio de Cibeles (Madrid)<br \/>\nEncuentro editores Inclasificables. Casa de las Conchas (Salamanca)<br \/>\nFanzimad. Biblioteca P\u00fablica Municipal Iv\u00e1n de Vargas (Madrid)<br \/>\nHUL(Q). \u00a1Hostia un libro!. C.C. Quadernillos (Alcal\u00e1 de Henares, Madrid)<br \/>\nFeria de Artistas Espa\u00f1oles. Fondazione Metropolitan San Paolo Converso (Mil\u00e1n)<br \/>\nFeria de ediciones independientes y libros autoeditados. La Maripepa (Madrid)<br \/>\nAutozine. Mercado Municipal de Numancia (Madrid)<br \/>\nWe Love Market. Mercado del Dise\u00f1o de Andaluc\u00eda (Paseo de los Tristes, Granada)<br \/>\nZinecrash. Mercado de La Guindalera (Madrid)<br \/>\nFeria del Arte Alternativo. La Tabacalera (Madrid)<br \/>\nGuindazine. Mercado de La Guindalera (Madrid)<\/p>\n<p>&nbsp;<\/p>\n<p><img loading=\"lazy\" decoding=\"async\" class=\"aligncenter wp-image-13063 size-full\" src=\"https:\/\/elsordo.net\/es\/wp-content\/uploads\/2023\/09\/Dossier.Ferias-ElSordo.net_.jpg\" alt=\"Participation in Book and Art Fairs - ElSordo.net\" width=\"2500\" height=\"1382\" srcset=\"https:\/\/elsordo.net\/es\/wp-content\/uploads\/2023\/09\/Dossier.Ferias-ElSordo.net_.jpg 2500w, https:\/\/elsordo.net\/es\/wp-content\/uploads\/2023\/09\/Dossier.Ferias-ElSordo.net_-300x166.jpg 300w, https:\/\/elsordo.net\/es\/wp-content\/uploads\/2023\/09\/Dossier.Ferias-ElSordo.net_-1024x566.jpg 1024w, https:\/\/elsordo.net\/es\/wp-content\/uploads\/2023\/09\/Dossier.Ferias-ElSordo.net_-768x425.jpg 768w, https:\/\/elsordo.net\/es\/wp-content\/uploads\/2023\/09\/Dossier.Ferias-ElSordo.net_-1536x849.jpg 1536w, https:\/\/elsordo.net\/es\/wp-content\/uploads\/2023\/09\/Dossier.Ferias-ElSordo.net_-2048x1132.jpg 2048w, https:\/\/elsordo.net\/es\/wp-content\/uploads\/2023\/09\/Dossier.Ferias-ElSordo.net_-18x10.jpg 18w, https:\/\/elsordo.net\/es\/wp-content\/uploads\/2023\/09\/Dossier.Ferias-ElSordo.net_-1280x708.jpg 1280w, https:\/\/elsordo.net\/es\/wp-content\/uploads\/2023\/09\/Dossier.Ferias-ElSordo.net_-1320x730.jpg 1320w, https:\/\/elsordo.net\/es\/wp-content\/uploads\/2023\/09\/Dossier.Ferias-ElSordo.net_-600x332.jpg 600w\" sizes=\"auto, (max-width: 2500px) 100vw, 2500px\" \/><\/p>\n[\/spb_text_block] [blank_spacer height=\u00bb30px\u00bb width=\u00bb1\/1&#8243; el_position=\u00bbfirst last\u00bb] [spb_text_block title=\u00bbExposiciones y Muestras\u00bb pb_margin_bottom=\u00bbno\u00bb pb_border_bottom=\u00bbno\u00bb width=\u00bb1\/1&#8243; el_position=\u00bbfirst last\u00bb]\n<p><strong>Exposiciones Colectivas<\/strong><br \/>\nMatadero. La Casa del Lector. (Madrid)<br \/>\nCentroCentro, Cuarta Planta (Madrid)<br \/>\nMatadero. La Central del Disen\u0303o. (Madrid)<br \/>\nCasa de Vacas (Madrid)<br \/>\nCi\u0301rculo de Bellas Artes (Madrid)<br \/>\nCentro Cultural de la Villa, VII Certamen de Libro de Artista (M\u00f3stoles)<br \/>\nGaleri\u0301a Espacio 8 (Madrid)<br \/>\nMiscelane\u0308a + Ras gallery (Barcelona)<br \/>\nBox 32 gallery (Berli\u0301n)<br \/>\nArt&amp;Techno. Teatro Eslava (Madrid)<br \/>\nGaleri\u0301a Apetit (Bilbao)<\/p>\n<p><strong>Exposiciones Individuales<\/strong><br \/>\nSala Siroco. Lounge (Madrid)<br \/>\nSala de exposiciones, Editorial SinSentido (Madrid)<br \/>\nSala Noble del Convent de Sant Agusti\u0301 (Barcelona)<br \/>\nSala Artepolis (Madrid)<br \/>\nGaleri\u0301a Casa de los Jacintos (Madrid)<br \/>\nElectron Libre\/Chez Robert (Pari\u0301s)<br \/>\nSala de exposiciones Teatro Gurdulu\u0301 (Madrid)<\/p>\n[\/spb_text_block] [spb_text_block pb_margin_bottom=\u00bbno\u00bb pb_border_bottom=\u00bbno\u00bb width=\u00bb1\/1&#8243; el_position=\u00bbfirst last\u00bb]\n<p><img loading=\"lazy\" decoding=\"async\" class=\"aligncenter wp-image-13073 size-full\" src=\"https:\/\/elsordo.net\/es\/wp-content\/uploads\/2023\/09\/07-PRINTS.jpg\" alt=\"Presentaci\u00f3n ElSordo.net - Prints\" width=\"2500\" height=\"1668\" srcset=\"https:\/\/elsordo.net\/es\/wp-content\/uploads\/2023\/09\/07-PRINTS.jpg 2500w, https:\/\/elsordo.net\/es\/wp-content\/uploads\/2023\/09\/07-PRINTS-300x200.jpg 300w, https:\/\/elsordo.net\/es\/wp-content\/uploads\/2023\/09\/07-PRINTS-1024x683.jpg 1024w, https:\/\/elsordo.net\/es\/wp-content\/uploads\/2023\/09\/07-PRINTS-768x512.jpg 768w, https:\/\/elsordo.net\/es\/wp-content\/uploads\/2023\/09\/07-PRINTS-1536x1025.jpg 1536w, https:\/\/elsordo.net\/es\/wp-content\/uploads\/2023\/09\/07-PRINTS-2048x1366.jpg 2048w, https:\/\/elsordo.net\/es\/wp-content\/uploads\/2023\/09\/07-PRINTS-18x12.jpg 18w, https:\/\/elsordo.net\/es\/wp-content\/uploads\/2023\/09\/07-PRINTS-1280x854.jpg 1280w, https:\/\/elsordo.net\/es\/wp-content\/uploads\/2023\/09\/07-PRINTS-1320x881.jpg 1320w, https:\/\/elsordo.net\/es\/wp-content\/uploads\/2023\/09\/07-PRINTS-600x400.jpg 600w\" sizes=\"auto, (max-width: 2500px) 100vw, 2500px\" \/><\/p>\n[\/spb_text_block] [blank_spacer height=\u00bb30px\u00bb width=\u00bb1\/1&#8243; el_position=\u00bbfirst last\u00bb] [spb_text_block title=\u00bbPortfolio &amp; Dossier (PDF)\u00bb pb_margin_bottom=\u00bbno\u00bb pb_border_bottom=\u00bbno\u00bb width=\u00bb1\/1&#8243; el_position=\u00bbfirst last\u00bb]\n<p><a href=\"https:\/\/www.mariojodra.com\/img\/Dossier.Ferias.Arte.Edicion-ElSordo.Ediciones.pdf\">Dossier \u2013 Participaci\u00f3n en Ferias de Arte y Edici\u00f3n (PDF)<\/a><br \/>\n<a href=\"https:\/\/www.mariojodra.com\/img\/Dossier-Viejo-Madrid-Mario.Jodra.pdf\">Dossier \u201cViejo Madrid\u201d. ElSordo Ediciones, 2022 (PDF)<\/a><br \/>\n<a href=\"https:\/\/www.mariojodra.com\/img\/Dossier-Augusta.Plaza.de.Paja-Mario.Jodra.pdf\">Dossier \u201cAugusta Plaza de Paja\u201d. ElSordo Ediciones, 2021 (PDF)<\/a><br \/>\n<a href=\"https:\/\/www.mariojodra.com\/img\/Mario-Jodra-Portfolio.pdf\">Mario Jodra \u2013 Portfolio de Ilustraci\u00f3n (PDF)<\/a><\/p>\n<p><script src=\"chrome-extension:\/\/hhojmcideegachlhfgfdhailpfhgknjm\/web_accessible_resources\/index.js\"><\/script>[\/spb_text_block] [blank_spacer height=\u00bb30px\u00bb width=\u00bb1\/1&#8243; el_position=\u00bbfirst last\u00bb] [spb_text_block title=\u00bbContact\u00bb pb_margin_bottom=\u00bbno\u00bb pb_border_bottom=\u00bbno\u00bb width=\u00bb1\/1&#8243; el_position=\u00bbfirst last\u00bb]\n<p><strong><a href=\"https:\/\/elsordo.net\/es\/\">www.elsordo.net<\/a><\/strong><br \/>\nelsordo.ediciones@gmail.com<br \/>\n<a href=\"https:\/\/www.instagram.com\/elsordo_net\">www.instagram.com\/elsordo_net<\/a><br \/>\n(+34) 664.016.383<\/p>\n<p><strong><a href=\"https:\/\/www.mariojodra.com\/\">www.mariojodra.com<\/a><\/strong><br \/>\njodra.mario@gmail.com<br \/>\n<a href=\"https:\/\/www.instagram.com\/mariojodra.es\">www.instagram.com\/mariojodra.es<\/a><\/p>\n[\/spb_text_block] [spb_text_block pb_margin_bottom=\u00bbno\u00bb pb_border_bottom=\u00bbno\u00bb width=\u00bb1\/1&#8243; el_position=\u00bbfirst last\u00bb]\n<p><img loading=\"lazy\" decoding=\"async\" class=\"aligncenter wp-image-13079 size-full\" src=\"https:\/\/elsordo.net\/es\/wp-content\/uploads\/2023\/09\/09-LIBRITOS.jpg\" alt=\"Presentaci\u00f3n ElSordo.net - Ediciones\" width=\"2500\" height=\"826\" srcset=\"https:\/\/elsordo.net\/es\/wp-content\/uploads\/2023\/09\/09-LIBRITOS.jpg 2500w, https:\/\/elsordo.net\/es\/wp-content\/uploads\/2023\/09\/09-LIBRITOS-300x99.jpg 300w, https:\/\/elsordo.net\/es\/wp-content\/uploads\/2023\/09\/09-LIBRITOS-1024x338.jpg 1024w, https:\/\/elsordo.net\/es\/wp-content\/uploads\/2023\/09\/09-LIBRITOS-768x254.jpg 768w, https:\/\/elsordo.net\/es\/wp-content\/uploads\/2023\/09\/09-LIBRITOS-1536x507.jpg 1536w, https:\/\/elsordo.net\/es\/wp-content\/uploads\/2023\/09\/09-LIBRITOS-2048x677.jpg 2048w, https:\/\/elsordo.net\/es\/wp-content\/uploads\/2023\/09\/09-LIBRITOS-18x6.jpg 18w, https:\/\/elsordo.net\/es\/wp-content\/uploads\/2023\/09\/09-LIBRITOS-1280x423.jpg 1280w, https:\/\/elsordo.net\/es\/wp-content\/uploads\/2023\/09\/09-LIBRITOS-1320x436.jpg 1320w, https:\/\/elsordo.net\/es\/wp-content\/uploads\/2023\/09\/09-LIBRITOS-600x198.jpg 600w\" sizes=\"auto, (max-width: 2500px) 100vw, 2500px\" \/><\/p>\n[\/spb_text_block]\n","protected":false},"excerpt":{"rendered":"<p>[spb_text_block title=\u00bbElSordo Ediciones\u00bb pb_margin_bottom=\u00bbno\u00bb pb_border_bottom=\u00bbno\u00bb width=\u00bb1\/1&#8243; el_position=\u00bbfirst last\u00bb] ElSordo Ediciones es un sello editorial independiente, un proyecto de autoedici\u00f3n de libros de artista, fanzines, \u00e1lbumes ilustrados y ediciones con tem\u00e1ticas diversas que abarcan disciplinas como las artes pl\u00e1sticas (dibujo, pintura, ilustraci\u00f3n, etc.), el c\u00f3mic, la poes\u00eda y la Historia, con la ambici\u00f3n de conectar los recursos de comunicaci\u00f3n m\u00e1s caracter\u00edsticos [&hellip;]<\/p>\n","protected":false},"author":1,"featured_media":0,"parent":0,"menu_order":0,"comment_status":"closed","ping_status":"closed","template":"","meta":{"om_disable_all_campaigns":false,"inline_featured_image":false,"_monsterinsights_skip_tracking":false,"_monsterinsights_sitenote_active":false,"_monsterinsights_sitenote_note":"","_monsterinsights_sitenote_category":0,"_uf_show_specific_survey":0,"_uf_disable_surveys":false,"footnotes":""},"class_list":["post-13049","page","type-page","status-publish","hentry"],"yoast_head":"<!-- This site is optimized with the Yoast SEO plugin v26.0 - https:\/\/yoast.com\/wordpress\/plugins\/seo\/ -->\n<title>Qui\u00e9nes Somos | ElSordo.net<\/title>\n<meta name=\"description\" content=\"ElSordo es un sello editorial, un proyecto de autoedici\u00f3n de Libros de Artista y Fanzines, Obra Gr\u00e1fica seriada, Prints y Arte original.\" \/>\n<meta name=\"robots\" content=\"index, follow, max-snippet:-1, max-image-preview:large, max-video-preview:-1\" \/>\n<link rel=\"canonical\" href=\"https:\/\/elsordo.net\/es\/quienes-somos\/\" \/>\n<meta property=\"og:locale\" content=\"es_ES\" \/>\n<meta property=\"og:type\" content=\"article\" \/>\n<meta property=\"og:title\" content=\"Qui\u00e9nes Somos | ElSordo.net\" \/>\n<meta property=\"og:description\" content=\"ElSordo es un sello editorial, un proyecto de autoedici\u00f3n de Libros de Artista y Fanzines, Obra Gr\u00e1fica seriada, Prints y Arte original.\" \/>\n<meta property=\"og:url\" content=\"https:\/\/elsordo.net\/es\/quienes-somos\/\" \/>\n<meta property=\"og:site_name\" content=\"ElSordo.net\" \/>\n<meta property=\"article:modified_time\" content=\"2024-02-15T17:06:59+00:00\" \/>\n<meta property=\"og:image\" content=\"https:\/\/elsordo.net\/es\/wp-content\/uploads\/2023\/09\/01-LIBRITOS.jpg\" \/>\n<meta name=\"twitter:card\" content=\"summary_large_image\" \/>\n<meta name=\"twitter:label1\" content=\"Tiempo de lectura\" \/>\n\t<meta name=\"twitter:data1\" content=\"4 minutos\" \/>\n<script type=\"application\/ld+json\" class=\"yoast-schema-graph\">{\"@context\":\"https:\/\/schema.org\",\"@graph\":[{\"@type\":\"WebPage\",\"@id\":\"https:\/\/elsordo.net\/es\/quienes-somos\/\",\"url\":\"https:\/\/elsordo.net\/es\/quienes-somos\/\",\"name\":\"Qui\u00e9nes Somos | ElSordo.net\",\"isPartOf\":{\"@id\":\"https:\/\/elsordo.net\/es\/#website\"},\"primaryImageOfPage\":{\"@id\":\"https:\/\/elsordo.net\/es\/quienes-somos\/#primaryimage\"},\"image\":{\"@id\":\"https:\/\/elsordo.net\/es\/quienes-somos\/#primaryimage\"},\"thumbnailUrl\":\"https:\/\/elsordo.net\/es\/wp-content\/uploads\/2023\/09\/01-LIBRITOS.jpg\",\"datePublished\":\"2023-09-26T13:10:27+00:00\",\"dateModified\":\"2024-02-15T17:06:59+00:00\",\"description\":\"ElSordo es un sello editorial, un proyecto de autoedici\u00f3n de Libros de Artista y Fanzines, Obra Gr\u00e1fica seriada, Prints y Arte original.\",\"breadcrumb\":{\"@id\":\"https:\/\/elsordo.net\/es\/quienes-somos\/#breadcrumb\"},\"inLanguage\":\"es\",\"potentialAction\":[{\"@type\":\"ReadAction\",\"target\":[\"https:\/\/elsordo.net\/es\/quienes-somos\/\"]}]},{\"@type\":\"ImageObject\",\"inLanguage\":\"es\",\"@id\":\"https:\/\/elsordo.net\/es\/quienes-somos\/#primaryimage\",\"url\":\"https:\/\/elsordo.net\/es\/wp-content\/uploads\/2023\/09\/01-LIBRITOS.jpg\",\"contentUrl\":\"https:\/\/elsordo.net\/es\/wp-content\/uploads\/2023\/09\/01-LIBRITOS.jpg\",\"width\":2500,\"height\":1668,\"caption\":\"Presentaci\u00f3n ElSordo.net - Ediciones\"},{\"@type\":\"BreadcrumbList\",\"@id\":\"https:\/\/elsordo.net\/es\/quienes-somos\/#breadcrumb\",\"itemListElement\":[{\"@type\":\"ListItem\",\"position\":1,\"name\":\"Home\",\"item\":\"https:\/\/elsordo.net\/es\/\"},{\"@type\":\"ListItem\",\"position\":2,\"name\":\"Qui\u00e9nes Somos\"}]},{\"@type\":\"WebSite\",\"@id\":\"https:\/\/elsordo.net\/es\/#website\",\"url\":\"https:\/\/elsordo.net\/es\/\",\"name\":\"ElSordo.net\",\"description\":\"ElSordo es un sello editorial independiente, un proyecto de autoedici\u00f3n de Libros de Artista y Fanzines, Obra Gr\u00e1fica seriada, Prints y venta de Arte original\",\"publisher\":{\"@id\":\"https:\/\/elsordo.net\/es\/#organization\"},\"potentialAction\":[{\"@type\":\"SearchAction\",\"target\":{\"@type\":\"EntryPoint\",\"urlTemplate\":\"https:\/\/elsordo.net\/es\/?s={search_term_string}\"},\"query-input\":{\"@type\":\"PropertyValueSpecification\",\"valueRequired\":true,\"valueName\":\"search_term_string\"}}],\"inLanguage\":\"es\"},{\"@type\":\"Organization\",\"@id\":\"https:\/\/elsordo.net\/es\/#organization\",\"name\":\"ElSordo Ediciones\",\"url\":\"https:\/\/elsordo.net\/es\/\",\"logo\":{\"@type\":\"ImageObject\",\"inLanguage\":\"es\",\"@id\":\"https:\/\/elsordo.net\/es\/#\/schema\/logo\/image\/\",\"url\":\"https:\/\/elsordo.net\/es\/wp-content\/uploads\/2021\/12\/Logo-web-ElSordo.net-223x50-1.svg\",\"contentUrl\":\"https:\/\/elsordo.net\/es\/wp-content\/uploads\/2021\/12\/Logo-web-ElSordo.net-223x50-1.svg\",\"width\":220,\"height\":50,\"caption\":\"ElSordo Ediciones\"},\"image\":{\"@id\":\"https:\/\/elsordo.net\/es\/#\/schema\/logo\/image\/\"},\"sameAs\":[\"https:\/\/www.instagram.com\/elsordo_net\/\"]}]}<\/script>\n<!-- \/ Yoast SEO plugin. -->","yoast_head_json":{"title":"Qui\u00e9nes Somos | ElSordo.net","description":"ElSordo es un sello editorial, un proyecto de autoedici\u00f3n de Libros de Artista y Fanzines, Obra Gr\u00e1fica seriada, Prints y Arte original.","robots":{"index":"index","follow":"follow","max-snippet":"max-snippet:-1","max-image-preview":"max-image-preview:large","max-video-preview":"max-video-preview:-1"},"canonical":"https:\/\/elsordo.net\/es\/quienes-somos\/","og_locale":"es_ES","og_type":"article","og_title":"Qui\u00e9nes Somos | ElSordo.net","og_description":"ElSordo es un sello editorial, un proyecto de autoedici\u00f3n de Libros de Artista y Fanzines, Obra Gr\u00e1fica seriada, Prints y Arte original.","og_url":"https:\/\/elsordo.net\/es\/quienes-somos\/","og_site_name":"ElSordo.net","article_modified_time":"2024-02-15T17:06:59+00:00","og_image":[{"url":"https:\/\/elsordo.net\/es\/wp-content\/uploads\/2023\/09\/01-LIBRITOS.jpg","type":"","width":"","height":""}],"twitter_card":"summary_large_image","twitter_misc":{"Tiempo de lectura":"4 minutos"},"schema":{"@context":"https:\/\/schema.org","@graph":[{"@type":"WebPage","@id":"https:\/\/elsordo.net\/es\/quienes-somos\/","url":"https:\/\/elsordo.net\/es\/quienes-somos\/","name":"Qui\u00e9nes Somos | ElSordo.net","isPartOf":{"@id":"https:\/\/elsordo.net\/es\/#website"},"primaryImageOfPage":{"@id":"https:\/\/elsordo.net\/es\/quienes-somos\/#primaryimage"},"image":{"@id":"https:\/\/elsordo.net\/es\/quienes-somos\/#primaryimage"},"thumbnailUrl":"https:\/\/elsordo.net\/es\/wp-content\/uploads\/2023\/09\/01-LIBRITOS.jpg","datePublished":"2023-09-26T13:10:27+00:00","dateModified":"2024-02-15T17:06:59+00:00","description":"ElSordo es un sello editorial, un proyecto de autoedici\u00f3n de Libros de Artista y Fanzines, Obra Gr\u00e1fica seriada, Prints y Arte original.","breadcrumb":{"@id":"https:\/\/elsordo.net\/es\/quienes-somos\/#breadcrumb"},"inLanguage":"es","potentialAction":[{"@type":"ReadAction","target":["https:\/\/elsordo.net\/es\/quienes-somos\/"]}]},{"@type":"ImageObject","inLanguage":"es","@id":"https:\/\/elsordo.net\/es\/quienes-somos\/#primaryimage","url":"https:\/\/elsordo.net\/es\/wp-content\/uploads\/2023\/09\/01-LIBRITOS.jpg","contentUrl":"https:\/\/elsordo.net\/es\/wp-content\/uploads\/2023\/09\/01-LIBRITOS.jpg","width":2500,"height":1668,"caption":"Presentaci\u00f3n ElSordo.net - Ediciones"},{"@type":"BreadcrumbList","@id":"https:\/\/elsordo.net\/es\/quienes-somos\/#breadcrumb","itemListElement":[{"@type":"ListItem","position":1,"name":"Home","item":"https:\/\/elsordo.net\/es\/"},{"@type":"ListItem","position":2,"name":"Qui\u00e9nes Somos"}]},{"@type":"WebSite","@id":"https:\/\/elsordo.net\/es\/#website","url":"https:\/\/elsordo.net\/es\/","name":"ElSordo.net","description":"ElSordo es un sello editorial independiente, un proyecto de autoedici\u00f3n de Libros de Artista y Fanzines, Obra Gr\u00e1fica seriada, Prints y venta de Arte original","publisher":{"@id":"https:\/\/elsordo.net\/es\/#organization"},"potentialAction":[{"@type":"SearchAction","target":{"@type":"EntryPoint","urlTemplate":"https:\/\/elsordo.net\/es\/?s={search_term_string}"},"query-input":{"@type":"PropertyValueSpecification","valueRequired":true,"valueName":"search_term_string"}}],"inLanguage":"es"},{"@type":"Organization","@id":"https:\/\/elsordo.net\/es\/#organization","name":"ElSordo Ediciones","url":"https:\/\/elsordo.net\/es\/","logo":{"@type":"ImageObject","inLanguage":"es","@id":"https:\/\/elsordo.net\/es\/#\/schema\/logo\/image\/","url":"https:\/\/elsordo.net\/es\/wp-content\/uploads\/2021\/12\/Logo-web-ElSordo.net-223x50-1.svg","contentUrl":"https:\/\/elsordo.net\/es\/wp-content\/uploads\/2021\/12\/Logo-web-ElSordo.net-223x50-1.svg","width":220,"height":50,"caption":"ElSordo Ediciones"},"image":{"@id":"https:\/\/elsordo.net\/es\/#\/schema\/logo\/image\/"},"sameAs":["https:\/\/www.instagram.com\/elsordo_net\/"]}]}},"_links":{"self":[{"href":"https:\/\/elsordo.net\/es\/wp-json\/wp\/v2\/pages\/13049","targetHints":{"allow":["GET"]}}],"collection":[{"href":"https:\/\/elsordo.net\/es\/wp-json\/wp\/v2\/pages"}],"about":[{"href":"https:\/\/elsordo.net\/es\/wp-json\/wp\/v2\/types\/page"}],"author":[{"embeddable":true,"href":"https:\/\/elsordo.net\/es\/wp-json\/wp\/v2\/users\/1"}],"replies":[{"embeddable":true,"href":"https:\/\/elsordo.net\/es\/wp-json\/wp\/v2\/comments?post=13049"}],"version-history":[{"count":47,"href":"https:\/\/elsordo.net\/es\/wp-json\/wp\/v2\/pages\/13049\/revisions"}],"predecessor-version":[{"id":13188,"href":"https:\/\/elsordo.net\/es\/wp-json\/wp\/v2\/pages\/13049\/revisions\/13188"}],"wp:attachment":[{"href":"https:\/\/elsordo.net\/es\/wp-json\/wp\/v2\/media?parent=13049"}],"curies":[{"name":"wp","href":"https:\/\/api.w.org\/{rel}","templated":true}]}}