{"id":7606,"date":"2013-03-09T05:01:39","date_gmt":"2013-03-09T05:01:39","guid":{"rendered":"http:\/\/themes.swiftpsd.com\/test\/flexform\/?page_id=7606"},"modified":"2023-11-02T13:50:05","modified_gmt":"2023-11-02T13:50:05","slug":"home","status":"publish","type":"page","link":"https:\/\/elsordo.net\/es\/","title":{"rendered":"Home"},"content":{"rendered":"[blank_spacer height=\u00bb30px\u00bb width=\u00bb1\/1&#8243; el_position=\u00bbfirst last\u00bb] [spb_products title=\u00bbLibros de Artista, Fanzines, \u00c1lbumes ilustrados \u2013 Novedades\u00bb asset_type=\u00bblatest-products\u00bb category=\u00bblibros-artista-fanzines-albumes-ilustrados\u00bb columns=\u00bb4&#8243; carousel=\u00bbyes\u00bb product_size=\u00bbstandard\u00bb item_count=\u00bb5&#8243; width=\u00bb1\/1&#8243; el_position=\u00bbfirst last\u00bb] [blank_spacer height=\u00bb30px\u00bb width=\u00bb1\/1&#8243; el_position=\u00bbfirst last\u00bb] [boxed_content title=\u00bbElSordo Ediciones\u00bb type=\u00bbwhitestroke\u00bb pb_margin_bottom=\u00bbno\u00bb width=\u00bb1\/1&#8243; el_position=\u00bbfirst last\u00bb]\n<p>ElSordo Ediciones es un sello editorial independiente, un proyecto de autoedici\u00f3n de libros de artista, fanzines, \u00e1lbumes ilustrados y ediciones con tem\u00e1ticas diversas que abarcan disciplinas como las artes pl\u00e1sticas (dibujo, pintura, ilustraci\u00f3n, etc.), el c\u00f3mic, la poes\u00eda y la Historia, con la ambici\u00f3n de conectar los recursos de comunicaci\u00f3n m\u00e1s caracter\u00edsticos de cada disciplina. Es una plataforma enfocada a la edici\u00f3n de proyectos editoriales art\u00edsticos en formato \u00e1lbum, cuyo prop\u00f3sito es la creaci\u00f3n y desarrollo de nuevos lenguajes art\u00edsticos, a modo de laboratorio experimental tanto visual como narrativo.<\/p>\n<p>En ElSordo.net tambi\u00e9n vendemos ediciones limitadas, obra gr\u00e1fica seriada, prints a precios econ\u00f3micos y originales, proporcionando la oportunidad a los clientes de saltarse el intermediario para comprar arte directamente del artista. Tambi\u00e9n distribuimos en diversas tiendas especializadas, librer\u00edas y bibliotecas.<\/p>\n<p>Nos gusta la autoedici\u00f3n gr\u00e1fica y todo lo que significa hoy en d\u00eda, como medio para buscar la libertad creativa y la independencia en el control de cada paso, desde el desarrollo de la idea y su libre ejecuci\u00f3n, hasta la impresi\u00f3n en papel y distribuci\u00f3n en mano de feria en feria, en librer\u00edas o a trav\u00e9s de \u00e9sta nuestra tienda online elsordo.net<\/p>\n<p>Estamos ubicados en Madrid (Espa\u00f1a).<\/p>\n[\/boxed_content] [blank_spacer height=\u00bb30px\u00bb width=\u00bb1\/1&#8243; el_position=\u00bbfirst last\u00bb] [spb_products title=\u00bbObra Gr\u00e1fica, Grabados, Gicl\u00e9e, Series Limitadas \u2013 Novedades\u00bb asset_type=\u00bblatest-products\u00bb category=\u00bbobra-grafica-grabados-giclees-ediciones-limitadas\u00bb columns=\u00bb4&#8243; carousel=\u00bbyes\u00bb product_size=\u00bbstandard\u00bb item_count=\u00bb30&#8243; width=\u00bb1\/1&#8243; el_position=\u00bbfirst last\u00bb] [blank_spacer height=\u00bb30px\u00bb width=\u00bb1\/1&#8243; el_position=\u00bbfirst last\u00bb] [spb_products title=\u00bbPrints: Ilustraciones y L\u00e1minas de Arte \u2013 Novedades\u00bb asset_type=\u00bblatest-products\u00bb category=\u00bbprints-laminas-ilustraciones\u00bb columns=\u00bb4&#8243; carousel=\u00bbyes\u00bb product_size=\u00bbstandard\u00bb item_count=\u00bb30&#8243; width=\u00bb1\/1&#8243; el_position=\u00bbfirst last\u00bb] [blank_spacer height=\u00bb30px\u00bb width=\u00bb1\/1&#8243; el_position=\u00bbfirst last\u00bb] [spb_products title=\u00bbCuadros y Arte Original: Dibujos y Pinturas \u2013 Novedades\u00bb asset_type=\u00bblatest-products\u00bb category=\u00bbarte-original-dibujos-pintura-cuadros\u00bb columns=\u00bb4&#8243; carousel=\u00bbyes\u00bb product_size=\u00bbstandard\u00bb item_count=\u00bb30&#8243; width=\u00bb1\/1&#8243; el_position=\u00bbfirst last\u00bb] [blank_spacer height=\u00bb30px\u00bb width=\u00bb1\/1&#8243; el_position=\u00bbfirst last\u00bb] [spb_products title=\u00bbLOS M\u00c1S VENDIDOS\u00bb asset_type=\u00bbbest-sellers\u00bb category=\u00bbprints-laminas-ilustraciones\u00bb columns=\u00bb3&#8243; carousel=\u00bbyes\u00bb product_size=\u00bbstandard\u00bb item_count=\u00bb10&#8243; width=\u00bb1\/2&#8243; el_position=\u00bbfirst\u00bb] [spb_products title=\u00bb\u00a1REBAJADOS!\u00bb asset_type=\u00bbsale-products\u00bb columns=\u00bb3&#8243; carousel=\u00bbyes\u00bb product_size=\u00bbstandard\u00bb item_count=\u00bb10&#8243; width=\u00bb1\/2&#8243; el_position=\u00bblast\u00bb] [blank_spacer height=\u00bb30px\u00bb width=\u00bb1\/1&#8243; el_position=\u00bbfirst last\u00bb]\n","protected":false},"excerpt":{"rendered":"<p>[blank_spacer height=\u00bb30px\u00bb width=\u00bb1\/1&#8243; el_position=\u00bbfirst last\u00bb] [spb_products title=\u00bbLibros de Artista, Fanzines, \u00c1lbumes ilustrados \u2013 Novedades\u00bb asset_type=\u00bblatest-products\u00bb category=\u00bblibros-artista-fanzines-albumes-ilustrados\u00bb columns=\u00bb4&#8243; carousel=\u00bbyes\u00bb product_size=\u00bbstandard\u00bb item_count=\u00bb5&#8243; width=\u00bb1\/1&#8243; el_position=\u00bbfirst last\u00bb] [blank_spacer height=\u00bb30px\u00bb width=\u00bb1\/1&#8243; el_position=\u00bbfirst last\u00bb] [boxed_content title=\u00bbElSordo Ediciones\u00bb type=\u00bbwhitestroke\u00bb pb_margin_bottom=\u00bbno\u00bb width=\u00bb1\/1&#8243; el_position=\u00bbfirst last\u00bb] ElSordo Ediciones es un sello editorial independiente, un proyecto de autoedici\u00f3n de libros de artista, fanzines, \u00e1lbumes ilustrados y ediciones con tem\u00e1ticas diversas que [&hellip;]<\/p>\n","protected":false},"author":1,"featured_media":0,"parent":0,"menu_order":0,"comment_status":"open","ping_status":"open","template":"","meta":{"om_disable_all_campaigns":false,"inline_featured_image":false,"_monsterinsights_skip_tracking":false,"_monsterinsights_sitenote_active":false,"_monsterinsights_sitenote_note":"","_monsterinsights_sitenote_category":0,"_uf_show_specific_survey":0,"_uf_disable_surveys":false,"footnotes":""},"class_list":["post-7606","page","type-page","status-publish","hentry"],"yoast_head":"<!-- This site is optimized with the Yoast SEO plugin v26.0 - https:\/\/yoast.com\/wordpress\/plugins\/seo\/ -->\n<title>Libros de Artista y Fanzines | Prints | Arte Original | ElSordo.net<\/title>\n<meta name=\"description\" content=\"ElSordo Ediciones es un sello editorial, un proyecto de autoedici\u00f3n de Libros de Artista y Fanzines, Obra Gr\u00e1fica seriada, Prints y venta de Arte original\" \/>\n<meta name=\"robots\" content=\"index, follow, max-snippet:-1, max-image-preview:large, max-video-preview:-1\" \/>\n<link rel=\"canonical\" href=\"https:\/\/elsordo.net\/es\/\" \/>\n<meta property=\"og:locale\" content=\"es_ES\" \/>\n<meta property=\"og:type\" content=\"article\" \/>\n<meta property=\"og:title\" content=\"ElSordo.net | Buy Artists&#039; Books &amp; Zines | Prints | Original Art\" \/>\n<meta property=\"og:description\" content=\"ElSordo is an independent publishing label, a project of self-publishing artists\u2019 books &amp; zines, limited editions of graphic works, prints and original Art\" \/>\n<meta property=\"og:url\" content=\"https:\/\/elsordo.net\/es\/\" \/>\n<meta property=\"og:site_name\" content=\"ElSordo.net\" \/>\n<meta property=\"article:modified_time\" content=\"2023-11-02T13:50:05+00:00\" \/>\n<meta property=\"og:image\" content=\"https:\/\/elsordo.net\/es\/wp-content\/uploads\/2021\/11\/Logo-ElSordo.net-3.png\" \/>\n<meta name=\"twitter:card\" content=\"summary_large_image\" \/>\n<meta name=\"twitter:title\" content=\"ElSordo.net | Buy Artists&#039; Books &amp; Zines | Prints | Original Art\" \/>\n<meta name=\"twitter:description\" content=\"ElSordo is an independent publishing label, a project of self-publishing artists\u2019 books &amp; zines, limited editions of graphic works, prints and original Art\" \/>\n<meta name=\"twitter:label1\" content=\"Tiempo de lectura\" \/>\n\t<meta name=\"twitter:data1\" content=\"2 minutos\" \/>\n<script type=\"application\/ld+json\" class=\"yoast-schema-graph\">{\"@context\":\"https:\/\/schema.org\",\"@graph\":[{\"@type\":\"WebPage\",\"@id\":\"https:\/\/elsordo.net\/es\/\",\"url\":\"https:\/\/elsordo.net\/es\/\",\"name\":\"Libros de Artista y Fanzines | Prints | Arte Original | ElSordo.net\",\"isPartOf\":{\"@id\":\"https:\/\/elsordo.net\/es\/#website\"},\"datePublished\":\"2013-03-09T05:01:39+00:00\",\"dateModified\":\"2023-11-02T13:50:05+00:00\",\"description\":\"ElSordo Ediciones es un sello editorial, un proyecto de autoedici\u00f3n de Libros de Artista y Fanzines, Obra Gr\u00e1fica seriada, Prints y venta de Arte original\",\"breadcrumb\":{\"@id\":\"https:\/\/elsordo.net\/es\/#breadcrumb\"},\"inLanguage\":\"es\",\"potentialAction\":[{\"@type\":\"ReadAction\",\"target\":[\"https:\/\/elsordo.net\/es\/\"]}]},{\"@type\":\"BreadcrumbList\",\"@id\":\"https:\/\/elsordo.net\/es\/#breadcrumb\",\"itemListElement\":[{\"@type\":\"ListItem\",\"position\":1,\"name\":\"Home\",\"item\":\"https:\/\/elsordo.net\/es\/\"},{\"@type\":\"ListItem\",\"position\":2,\"name\":\"Home\"}]},{\"@type\":\"WebSite\",\"@id\":\"https:\/\/elsordo.net\/es\/#website\",\"url\":\"https:\/\/elsordo.net\/es\/\",\"name\":\"ElSordo.net\",\"description\":\"ElSordo es un sello editorial independiente, un proyecto de autoedici\u00f3n de Libros de Artista y Fanzines, Obra Gr\u00e1fica seriada, Prints y venta de Arte original\",\"publisher\":{\"@id\":\"https:\/\/elsordo.net\/es\/#organization\"},\"potentialAction\":[{\"@type\":\"SearchAction\",\"target\":{\"@type\":\"EntryPoint\",\"urlTemplate\":\"https:\/\/elsordo.net\/es\/?s={search_term_string}\"},\"query-input\":{\"@type\":\"PropertyValueSpecification\",\"valueRequired\":true,\"valueName\":\"search_term_string\"}}],\"inLanguage\":\"es\"},{\"@type\":\"Organization\",\"@id\":\"https:\/\/elsordo.net\/es\/#organization\",\"name\":\"ElSordo Ediciones\",\"url\":\"https:\/\/elsordo.net\/es\/\",\"logo\":{\"@type\":\"ImageObject\",\"inLanguage\":\"es\",\"@id\":\"https:\/\/elsordo.net\/es\/#\/schema\/logo\/image\/\",\"url\":\"https:\/\/elsordo.net\/es\/wp-content\/uploads\/2021\/12\/Logo-web-ElSordo.net-223x50-1.svg\",\"contentUrl\":\"https:\/\/elsordo.net\/es\/wp-content\/uploads\/2021\/12\/Logo-web-ElSordo.net-223x50-1.svg\",\"width\":220,\"height\":50,\"caption\":\"ElSordo Ediciones\"},\"image\":{\"@id\":\"https:\/\/elsordo.net\/es\/#\/schema\/logo\/image\/\"},\"sameAs\":[\"https:\/\/www.instagram.com\/elsordo_net\/\"]}]}<\/script>\n<!-- \/ Yoast SEO plugin. -->","yoast_head_json":{"title":"Libros de Artista y Fanzines | Prints | Arte Original | ElSordo.net","description":"ElSordo Ediciones es un sello editorial, un proyecto de autoedici\u00f3n de Libros de Artista y Fanzines, Obra Gr\u00e1fica seriada, Prints y venta de Arte original","robots":{"index":"index","follow":"follow","max-snippet":"max-snippet:-1","max-image-preview":"max-image-preview:large","max-video-preview":"max-video-preview:-1"},"canonical":"https:\/\/elsordo.net\/es\/","og_locale":"es_ES","og_type":"article","og_title":"ElSordo.net | Buy Artists' Books & Zines | Prints | Original Art","og_description":"ElSordo is an independent publishing label, a project of self-publishing artists\u2019 books & zines, limited editions of graphic works, prints and original Art","og_url":"https:\/\/elsordo.net\/es\/","og_site_name":"ElSordo.net","article_modified_time":"2023-11-02T13:50:05+00:00","og_image":[{"url":"https:\/\/elsordo.net\/es\/wp-content\/uploads\/2021\/11\/Logo-ElSordo.net-3.png","type":"","width":"","height":""}],"twitter_card":"summary_large_image","twitter_title":"ElSordo.net | Buy Artists' Books & Zines | Prints | Original Art","twitter_description":"ElSordo is an independent publishing label, a project of self-publishing artists\u2019 books & zines, limited editions of graphic works, prints and original Art","twitter_misc":{"Tiempo de lectura":"2 minutos"},"schema":{"@context":"https:\/\/schema.org","@graph":[{"@type":"WebPage","@id":"https:\/\/elsordo.net\/es\/","url":"https:\/\/elsordo.net\/es\/","name":"Libros de Artista y Fanzines | Prints | Arte Original | ElSordo.net","isPartOf":{"@id":"https:\/\/elsordo.net\/es\/#website"},"datePublished":"2013-03-09T05:01:39+00:00","dateModified":"2023-11-02T13:50:05+00:00","description":"ElSordo Ediciones es un sello editorial, un proyecto de autoedici\u00f3n de Libros de Artista y Fanzines, Obra Gr\u00e1fica seriada, Prints y venta de Arte original","breadcrumb":{"@id":"https:\/\/elsordo.net\/es\/#breadcrumb"},"inLanguage":"es","potentialAction":[{"@type":"ReadAction","target":["https:\/\/elsordo.net\/es\/"]}]},{"@type":"BreadcrumbList","@id":"https:\/\/elsordo.net\/es\/#breadcrumb","itemListElement":[{"@type":"ListItem","position":1,"name":"Home","item":"https:\/\/elsordo.net\/es\/"},{"@type":"ListItem","position":2,"name":"Home"}]},{"@type":"WebSite","@id":"https:\/\/elsordo.net\/es\/#website","url":"https:\/\/elsordo.net\/es\/","name":"ElSordo.net","description":"ElSordo es un sello editorial independiente, un proyecto de autoedici\u00f3n de Libros de Artista y Fanzines, Obra Gr\u00e1fica seriada, Prints y venta de Arte original","publisher":{"@id":"https:\/\/elsordo.net\/es\/#organization"},"potentialAction":[{"@type":"SearchAction","target":{"@type":"EntryPoint","urlTemplate":"https:\/\/elsordo.net\/es\/?s={search_term_string}"},"query-input":{"@type":"PropertyValueSpecification","valueRequired":true,"valueName":"search_term_string"}}],"inLanguage":"es"},{"@type":"Organization","@id":"https:\/\/elsordo.net\/es\/#organization","name":"ElSordo Ediciones","url":"https:\/\/elsordo.net\/es\/","logo":{"@type":"ImageObject","inLanguage":"es","@id":"https:\/\/elsordo.net\/es\/#\/schema\/logo\/image\/","url":"https:\/\/elsordo.net\/es\/wp-content\/uploads\/2021\/12\/Logo-web-ElSordo.net-223x50-1.svg","contentUrl":"https:\/\/elsordo.net\/es\/wp-content\/uploads\/2021\/12\/Logo-web-ElSordo.net-223x50-1.svg","width":220,"height":50,"caption":"ElSordo Ediciones"},"image":{"@id":"https:\/\/elsordo.net\/es\/#\/schema\/logo\/image\/"},"sameAs":["https:\/\/www.instagram.com\/elsordo_net\/"]}]}},"_links":{"self":[{"href":"https:\/\/elsordo.net\/es\/wp-json\/wp\/v2\/pages\/7606","targetHints":{"allow":["GET"]}}],"collection":[{"href":"https:\/\/elsordo.net\/es\/wp-json\/wp\/v2\/pages"}],"about":[{"href":"https:\/\/elsordo.net\/es\/wp-json\/wp\/v2\/types\/page"}],"author":[{"embeddable":true,"href":"https:\/\/elsordo.net\/es\/wp-json\/wp\/v2\/users\/1"}],"replies":[{"embeddable":true,"href":"https:\/\/elsordo.net\/es\/wp-json\/wp\/v2\/comments?post=7606"}],"version-history":[{"count":98,"href":"https:\/\/elsordo.net\/es\/wp-json\/wp\/v2\/pages\/7606\/revisions"}],"predecessor-version":[{"id":13125,"href":"https:\/\/elsordo.net\/es\/wp-json\/wp\/v2\/pages\/7606\/revisions\/13125"}],"wp:attachment":[{"href":"https:\/\/elsordo.net\/es\/wp-json\/wp\/v2\/media?parent=7606"}],"curies":[{"name":"wp","href":"https:\/\/api.w.org\/{rel}","templated":true}]}}