{"id":12640,"date":"2021-11-28T23:39:09","date_gmt":"2021-11-28T23:39:09","guid":{"rendered":"https:\/\/elsordo.net\/es\/?post_type=product&#038;p=12640"},"modified":"2025-11-17T13:45:47","modified_gmt":"2025-11-17T13:45:47","slug":"extractos-literarios-album-ilustrado-y-fanzines","status":"publish","type":"product","link":"https:\/\/elsordo.net\/es\/arte\/extractos-literarios-album-ilustrado-y-fanzines\/","title":{"rendered":"Extractos Literarios \u2013 \u00c1lbum Ilustrado y Fanzines"},"content":{"rendered":"<p>Ilustraciones sobre extractos de obras de varios autores (Poe, Kafka, Goethe, etc). En orden de aparici\u00f3n:<\/p>\n<p>01- La ca\u00edda de la Casa Usher (The Fall of the House of Usher), de Edgar Allan Poe. Traducci\u00f3n: Julio Cort\u00e1zar. 02- La metamorfosis (Die Verwandlung) de Franz Kafka. Traducci\u00f3n: Julio Izquierdo. 03- Las penas del joven Werther (Die Leiden des jungen Werthers), de Johann Wolfgang von Goethe. Traducci\u00f3n: Jos\u00e9 Valor. 04- Cementerio de Autom\u00f3viles (Le cimeti\u00e8re des voitures), de Fernando Arrabal. Traducci\u00f3n: Victor Fuentes. 05- La vida y aventuras de Robinson Crusoe (The life and adventures of Robinson Crusoe), de Daniel Defoe. Traducci\u00f3n: Victor Fuentes. 06- Cosmos, de Carl Sagan. Traducci\u00f3n: Miguel Muntaner Pascual y Mar\u00eda del Mar Moya Tasis. 07- Matar a un ruise\u00f1or (To kill a Mockingbird), de Harper Lee. Traducci\u00f3n: Baldomero Porta.<\/p>\n<p>&nbsp;<\/p>\n<p><strong>T\u00edtulo:<\/strong><br \/>\nExtractos Literarios<\/p>\n<p><strong>Tama\u00f1o:<\/strong><br \/>\nA5 horizontal<\/p>\n<p><strong>P\u00e1ginas:<\/strong><br \/>\n12 pages in color.<\/p>\n<p><strong>Encuadernaci\u00f3n:<\/strong><br \/>\nStaple binding<\/p>\n<p><strong>Impresi\u00f3n:<\/strong><br \/>\nHP Indigo<\/p>\n<p><strong>Idioma:<\/strong><br \/>\nEspa\u00f1ol<\/p>\n<p><strong>Publicaci\u00f3n:<\/strong><br \/>\nOctubre 2021.<\/p>\n<p>Tirada de 100 ejemplares.<\/p>\n<p>&nbsp;<\/p>\n<div class=\"video-responsive\"><iframe loading=\"lazy\" title=\"YouTube video player\" src=\"https:\/\/www.youtube.com\/embed\/vvn9kEVzmGY\" width=\"560\" height=\"315\" frameborder=\"0\" allowfullscreen=\"allowfullscreen\"><\/iframe><\/div>\n<p><script src=\"chrome-extension:\/\/hhojmcideegachlhfgfdhailpfhgknjm\/web_accessible_resources\/index.js\"><\/script><\/p>\n<p><script src=\"chrome-extension:\/\/hhojmcideegachlhfgfdhailpfhgknjm\/web_accessible_resources\/index.js\"><\/script><\/p>\n","protected":false},"excerpt":{"rendered":"<p>&nbsp;<\/p>\n<p><script src=\"chrome-extension:\/\/hhojmcideegachlhfgfdhailpfhgknjm\/web_accessible_resources\/index.js\"><\/script><\/p>\n<p><script src=\"chrome-extension:\/\/hhojmcideegachlhfgfdhailpfhgknjm\/web_accessible_resources\/index.js\"><\/script><\/p>\n","protected":false},"featured_media":12718,"template":"","meta":{"om_disable_all_campaigns":false,"inline_featured_image":false,"_monsterinsights_skip_tracking":false,"_monsterinsights_sitenote_active":false,"_monsterinsights_sitenote_note":"","_monsterinsights_sitenote_category":0,"_uf_show_specific_survey":0,"_uf_disable_surveys":false},"product_brand":[],"product_cat":[349,286],"product_tag":[290,314,315,313,298],"class_list":{"0":"post-12640","1":"product","2":"type-product","3":"status-publish","4":"has-post-thumbnail","6":"product_cat-fanzines","7":"product_cat-libros-artista-fanzines-albumes-ilustrados","8":"product_tag-arte","9":"product_tag-extractos-literarios","10":"product_tag-hp-indigo","11":"product_tag-libros-de-artista","12":"product_tag-mario-jodra","13":"product_shipping_class-artists-books","15":"first","16":"instock","17":"featured","18":"shipping-taxable","19":"purchasable","20":"product-type-simple"},"yoast_head":"<!-- This site is optimized with the Yoast SEO plugin v26.0 - https:\/\/yoast.com\/wordpress\/plugins\/seo\/ -->\n<title>Extractos Literarios \u2013 \u00c1lbum Ilustrado y Fanzines | ElSordo.net<\/title>\n<meta name=\"description\" content=\"Extractos Literarios (ElSordo Ediciones 2021) de Mario Jodra. \u00c1lbum ilustrado, libro de artista, fanzine 12 p\u00e1ginas a color A5 Grapado Impresi\u00f3n HP Indigo\" \/>\n<meta name=\"robots\" content=\"index, follow, max-snippet:-1, max-image-preview:large, max-video-preview:-1\" \/>\n<link rel=\"canonical\" href=\"https:\/\/elsordo.net\/es\/arte\/extractos-literarios-album-ilustrado-y-fanzines\/\" \/>\n<meta property=\"og:locale\" content=\"es_ES\" \/>\n<meta property=\"og:type\" content=\"article\" \/>\n<meta property=\"og:title\" content=\"Extractos Literarios - Artists&#039; books \u2013 ElSordo Ediciones\" \/>\n<meta property=\"og:description\" content=\"Artists&#039; book. &quot;Extractos Literarios&quot; (ElSordo Ediciones, 2021) by Mario Jodra. 12 pages in color. A5 horizontal format. Staple binding. Language: Spanish.\" \/>\n<meta property=\"og:url\" content=\"https:\/\/elsordo.net\/es\/arte\/extractos-literarios-album-ilustrado-y-fanzines\/\" \/>\n<meta property=\"og:site_name\" content=\"ElSordo.net\" \/>\n<meta property=\"article:modified_time\" content=\"2025-11-17T13:45:47+00:00\" \/>\n<meta property=\"og:image\" content=\"https:\/\/elsordo.net\/es\/wp-content\/uploads\/2021\/11\/Logo-ElSordo.net-3.png\" \/>\n<meta name=\"twitter:card\" content=\"summary_large_image\" \/>\n<meta name=\"twitter:title\" content=\"Extractos Literarios - Artists&#039; books \u2013 ElSordo Ediciones\" \/>\n<meta name=\"twitter:description\" content=\"Artists&#039; book. &quot;Extractos Literarios&quot; (ElSordo Ediciones, 2021) by Mario Jodra. 12 pages in color. A5 horizontal format. Staple binding. Language: Spanish.\" \/>\n<meta name=\"twitter:image\" content=\"https:\/\/elsordo.net\/es\/wp-content\/uploads\/2021\/11\/Logo-ElSordo.net-3.png\" \/>\n<meta name=\"twitter:label1\" content=\"Tiempo de lectura\" \/>\n\t<meta name=\"twitter:data1\" content=\"1 minuto\" \/>\n<script type=\"application\/ld+json\" class=\"yoast-schema-graph\">{\"@context\":\"https:\/\/schema.org\",\"@graph\":[{\"@type\":\"WebPage\",\"@id\":\"https:\/\/elsordo.net\/es\/arte\/extractos-literarios-album-ilustrado-y-fanzines\/\",\"url\":\"https:\/\/elsordo.net\/es\/arte\/extractos-literarios-album-ilustrado-y-fanzines\/\",\"name\":\"Extractos Literarios \u2013 \u00c1lbum Ilustrado y Fanzines | ElSordo.net\",\"isPartOf\":{\"@id\":\"https:\/\/elsordo.net\/es\/#website\"},\"primaryImageOfPage\":{\"@id\":\"https:\/\/elsordo.net\/es\/arte\/extractos-literarios-album-ilustrado-y-fanzines\/#primaryimage\"},\"image\":{\"@id\":\"https:\/\/elsordo.net\/es\/arte\/extractos-literarios-album-ilustrado-y-fanzines\/#primaryimage\"},\"thumbnailUrl\":\"https:\/\/elsordo.net\/es\/wp-content\/uploads\/2021\/11\/01-Extractos-Literarios-01a.jpg\",\"datePublished\":\"2021-11-28T23:39:09+00:00\",\"dateModified\":\"2025-11-17T13:45:47+00:00\",\"description\":\"Extractos Literarios (ElSordo Ediciones 2021) de Mario Jodra. \u00c1lbum ilustrado, libro de artista, fanzine 12 p\u00e1ginas a color A5 Grapado Impresi\u00f3n HP Indigo\",\"breadcrumb\":{\"@id\":\"https:\/\/elsordo.net\/es\/arte\/extractos-literarios-album-ilustrado-y-fanzines\/#breadcrumb\"},\"inLanguage\":\"es\",\"potentialAction\":[{\"@type\":\"ReadAction\",\"target\":[\"https:\/\/elsordo.net\/es\/arte\/extractos-literarios-album-ilustrado-y-fanzines\/\"]}]},{\"@type\":\"ImageObject\",\"inLanguage\":\"es\",\"@id\":\"https:\/\/elsordo.net\/es\/arte\/extractos-literarios-album-ilustrado-y-fanzines\/#primaryimage\",\"url\":\"https:\/\/elsordo.net\/es\/wp-content\/uploads\/2021\/11\/01-Extractos-Literarios-01a.jpg\",\"contentUrl\":\"https:\/\/elsordo.net\/es\/wp-content\/uploads\/2021\/11\/01-Extractos-Literarios-01a.jpg\",\"width\":2000,\"height\":2505,\"caption\":\"Extractos Literarios - Artists' books Cover Art\"},{\"@type\":\"BreadcrumbList\",\"@id\":\"https:\/\/elsordo.net\/es\/arte\/extractos-literarios-album-ilustrado-y-fanzines\/#breadcrumb\",\"itemListElement\":[{\"@type\":\"ListItem\",\"position\":1,\"name\":\"Home\",\"item\":\"https:\/\/elsordo.net\/es\/\"},{\"@type\":\"ListItem\",\"position\":2,\"name\":\"Shop\",\"item\":\"https:\/\/elsordo.net\/es\/shop\/\"},{\"@type\":\"ListItem\",\"position\":3,\"name\":\"Extractos Literarios \u2013 \u00c1lbum Ilustrado y Fanzines\"}]},{\"@type\":\"WebSite\",\"@id\":\"https:\/\/elsordo.net\/es\/#website\",\"url\":\"https:\/\/elsordo.net\/es\/\",\"name\":\"ElSordo.net\",\"description\":\"ElSordo es un sello editorial independiente, un proyecto de autoedici\u00f3n de Libros de Artista y Fanzines, Obra Gr\u00e1fica seriada, Prints y venta de Arte original\",\"publisher\":{\"@id\":\"https:\/\/elsordo.net\/es\/#organization\"},\"potentialAction\":[{\"@type\":\"SearchAction\",\"target\":{\"@type\":\"EntryPoint\",\"urlTemplate\":\"https:\/\/elsordo.net\/es\/?s={search_term_string}\"},\"query-input\":{\"@type\":\"PropertyValueSpecification\",\"valueRequired\":true,\"valueName\":\"search_term_string\"}}],\"inLanguage\":\"es\"},{\"@type\":\"Organization\",\"@id\":\"https:\/\/elsordo.net\/es\/#organization\",\"name\":\"ElSordo Ediciones\",\"url\":\"https:\/\/elsordo.net\/es\/\",\"logo\":{\"@type\":\"ImageObject\",\"inLanguage\":\"es\",\"@id\":\"https:\/\/elsordo.net\/es\/#\/schema\/logo\/image\/\",\"url\":\"https:\/\/elsordo.net\/es\/wp-content\/uploads\/2021\/12\/Logo-web-ElSordo.net-223x50-1.svg\",\"contentUrl\":\"https:\/\/elsordo.net\/es\/wp-content\/uploads\/2021\/12\/Logo-web-ElSordo.net-223x50-1.svg\",\"width\":220,\"height\":50,\"caption\":\"ElSordo Ediciones\"},\"image\":{\"@id\":\"https:\/\/elsordo.net\/es\/#\/schema\/logo\/image\/\"},\"sameAs\":[\"https:\/\/www.instagram.com\/elsordo_net\/\"]}]}<\/script>\n<!-- \/ Yoast SEO plugin. -->","yoast_head_json":{"title":"Extractos Literarios \u2013 \u00c1lbum Ilustrado y Fanzines | ElSordo.net","description":"Extractos Literarios (ElSordo Ediciones 2021) de Mario Jodra. \u00c1lbum ilustrado, libro de artista, fanzine 12 p\u00e1ginas a color A5 Grapado Impresi\u00f3n HP Indigo","robots":{"index":"index","follow":"follow","max-snippet":"max-snippet:-1","max-image-preview":"max-image-preview:large","max-video-preview":"max-video-preview:-1"},"canonical":"https:\/\/elsordo.net\/es\/arte\/extractos-literarios-album-ilustrado-y-fanzines\/","og_locale":"es_ES","og_type":"article","og_title":"Extractos Literarios - Artists' books \u2013 ElSordo Ediciones","og_description":"Artists' book. \"Extractos Literarios\" (ElSordo Ediciones, 2021) by Mario Jodra. 12 pages in color. A5 horizontal format. Staple binding. Language: Spanish.","og_url":"https:\/\/elsordo.net\/es\/arte\/extractos-literarios-album-ilustrado-y-fanzines\/","og_site_name":"ElSordo.net","article_modified_time":"2025-11-17T13:45:47+00:00","og_image":[{"url":"https:\/\/elsordo.net\/es\/wp-content\/uploads\/2021\/11\/Logo-ElSordo.net-3.png","type":"","width":"","height":""}],"twitter_card":"summary_large_image","twitter_title":"Extractos Literarios - Artists' books \u2013 ElSordo Ediciones","twitter_description":"Artists' book. \"Extractos Literarios\" (ElSordo Ediciones, 2021) by Mario Jodra. 12 pages in color. A5 horizontal format. Staple binding. Language: Spanish.","twitter_image":"https:\/\/elsordo.net\/es\/wp-content\/uploads\/2021\/11\/Logo-ElSordo.net-3.png","twitter_misc":{"Tiempo de lectura":"1 minuto"},"schema":{"@context":"https:\/\/schema.org","@graph":[{"@type":"WebPage","@id":"https:\/\/elsordo.net\/es\/arte\/extractos-literarios-album-ilustrado-y-fanzines\/","url":"https:\/\/elsordo.net\/es\/arte\/extractos-literarios-album-ilustrado-y-fanzines\/","name":"Extractos Literarios \u2013 \u00c1lbum Ilustrado y Fanzines | ElSordo.net","isPartOf":{"@id":"https:\/\/elsordo.net\/es\/#website"},"primaryImageOfPage":{"@id":"https:\/\/elsordo.net\/es\/arte\/extractos-literarios-album-ilustrado-y-fanzines\/#primaryimage"},"image":{"@id":"https:\/\/elsordo.net\/es\/arte\/extractos-literarios-album-ilustrado-y-fanzines\/#primaryimage"},"thumbnailUrl":"https:\/\/elsordo.net\/es\/wp-content\/uploads\/2021\/11\/01-Extractos-Literarios-01a.jpg","datePublished":"2021-11-28T23:39:09+00:00","dateModified":"2025-11-17T13:45:47+00:00","description":"Extractos Literarios (ElSordo Ediciones 2021) de Mario Jodra. \u00c1lbum ilustrado, libro de artista, fanzine 12 p\u00e1ginas a color A5 Grapado Impresi\u00f3n HP Indigo","breadcrumb":{"@id":"https:\/\/elsordo.net\/es\/arte\/extractos-literarios-album-ilustrado-y-fanzines\/#breadcrumb"},"inLanguage":"es","potentialAction":[{"@type":"ReadAction","target":["https:\/\/elsordo.net\/es\/arte\/extractos-literarios-album-ilustrado-y-fanzines\/"]}]},{"@type":"ImageObject","inLanguage":"es","@id":"https:\/\/elsordo.net\/es\/arte\/extractos-literarios-album-ilustrado-y-fanzines\/#primaryimage","url":"https:\/\/elsordo.net\/es\/wp-content\/uploads\/2021\/11\/01-Extractos-Literarios-01a.jpg","contentUrl":"https:\/\/elsordo.net\/es\/wp-content\/uploads\/2021\/11\/01-Extractos-Literarios-01a.jpg","width":2000,"height":2505,"caption":"Extractos Literarios - Artists' books Cover Art"},{"@type":"BreadcrumbList","@id":"https:\/\/elsordo.net\/es\/arte\/extractos-literarios-album-ilustrado-y-fanzines\/#breadcrumb","itemListElement":[{"@type":"ListItem","position":1,"name":"Home","item":"https:\/\/elsordo.net\/es\/"},{"@type":"ListItem","position":2,"name":"Shop","item":"https:\/\/elsordo.net\/es\/shop\/"},{"@type":"ListItem","position":3,"name":"Extractos Literarios \u2013 \u00c1lbum Ilustrado y Fanzines"}]},{"@type":"WebSite","@id":"https:\/\/elsordo.net\/es\/#website","url":"https:\/\/elsordo.net\/es\/","name":"ElSordo.net","description":"ElSordo es un sello editorial independiente, un proyecto de autoedici\u00f3n de Libros de Artista y Fanzines, Obra Gr\u00e1fica seriada, Prints y venta de Arte original","publisher":{"@id":"https:\/\/elsordo.net\/es\/#organization"},"potentialAction":[{"@type":"SearchAction","target":{"@type":"EntryPoint","urlTemplate":"https:\/\/elsordo.net\/es\/?s={search_term_string}"},"query-input":{"@type":"PropertyValueSpecification","valueRequired":true,"valueName":"search_term_string"}}],"inLanguage":"es"},{"@type":"Organization","@id":"https:\/\/elsordo.net\/es\/#organization","name":"ElSordo Ediciones","url":"https:\/\/elsordo.net\/es\/","logo":{"@type":"ImageObject","inLanguage":"es","@id":"https:\/\/elsordo.net\/es\/#\/schema\/logo\/image\/","url":"https:\/\/elsordo.net\/es\/wp-content\/uploads\/2021\/12\/Logo-web-ElSordo.net-223x50-1.svg","contentUrl":"https:\/\/elsordo.net\/es\/wp-content\/uploads\/2021\/12\/Logo-web-ElSordo.net-223x50-1.svg","width":220,"height":50,"caption":"ElSordo Ediciones"},"image":{"@id":"https:\/\/elsordo.net\/es\/#\/schema\/logo\/image\/"},"sameAs":["https:\/\/www.instagram.com\/elsordo_net\/"]}]}},"_links":{"self":[{"href":"https:\/\/elsordo.net\/es\/wp-json\/wp\/v2\/product\/12640","targetHints":{"allow":["GET"]}}],"collection":[{"href":"https:\/\/elsordo.net\/es\/wp-json\/wp\/v2\/product"}],"about":[{"href":"https:\/\/elsordo.net\/es\/wp-json\/wp\/v2\/types\/product"}],"wp:featuredmedia":[{"embeddable":true,"href":"https:\/\/elsordo.net\/es\/wp-json\/wp\/v2\/media\/12718"}],"wp:attachment":[{"href":"https:\/\/elsordo.net\/es\/wp-json\/wp\/v2\/media?parent=12640"}],"wp:term":[{"taxonomy":"product_brand","embeddable":true,"href":"https:\/\/elsordo.net\/es\/wp-json\/wp\/v2\/product_brand?post=12640"},{"taxonomy":"product_cat","embeddable":true,"href":"https:\/\/elsordo.net\/es\/wp-json\/wp\/v2\/product_cat?post=12640"},{"taxonomy":"product_tag","embeddable":true,"href":"https:\/\/elsordo.net\/es\/wp-json\/wp\/v2\/product_tag?post=12640"}],"curies":[{"name":"wp","href":"https:\/\/api.w.org\/{rel}","templated":true}]}}