{"id":12821,"date":"2021-12-24T18:10:12","date_gmt":"2021-12-24T18:10:12","guid":{"rendered":"https:\/\/elsordo.net\/es\/?post_type=product&#038;p=12821"},"modified":"2023-11-03T09:39:47","modified_gmt":"2023-11-03T09:39:47","slug":"arco-de-cuchilleros-viejo-madrid-dibujos-originales","status":"publish","type":"product","link":"https:\/\/elsordo.net\/es\/arte\/arco-de-cuchilleros-viejo-madrid-dibujos-originales\/","title":{"rendered":"Arco de Cuchilleros (Viejo Madrid) \u2013 Dibujos Originales"},"content":{"rendered":"<p><strong>T\u00edtulo:<\/strong><br \/>\nArco de Cuchilleros nocturno (Serie Viejo Madrid)<\/p>\n<p><strong>T\u00e9cnica y materiales:<\/strong><br \/>\nCarboncillo<\/p>\n<p><strong>Soporte:<\/strong><br \/>\nPapel Bouffant 90 gr<\/p>\n<p><strong>Dimensiones:<\/strong><br \/>\n29,7 x 21 cm<\/p>\n<p><strong>Lugar y a\u00f1o de creaci\u00f3n:<\/strong><br \/>\nMadrid. 2021<\/p>\n<p><strong>Artista:<\/strong><br \/>\nMario Jodra<\/p>\n<p>&nbsp;<\/p>\n<p>Firmado a mano.<\/p>\n<p>Certificado de autenticidad.<\/p>\n","protected":false},"excerpt":{"rendered":"<p>T\u00edtulo: Arco de Cuchilleros nocturno (Serie Viejo Madrid) T\u00e9cnica y materiales: Carboncillo Soporte: Papel Bouffant 90 gr Dimensiones: 29,7 x 21 cm Lugar y a\u00f1o de creaci\u00f3n: Madrid. 2021 Artista: Mario Jodra &nbsp; Firmado a mano. Certificado de autenticidad.<\/p>\n","protected":false},"featured_media":12800,"template":"","meta":{"om_disable_all_campaigns":false,"inline_featured_image":false,"_monsterinsights_skip_tracking":false,"_monsterinsights_sitenote_active":false,"_monsterinsights_sitenote_note":"","_monsterinsights_sitenote_category":0,"_uf_show_specific_survey":0,"_uf_disable_surveys":false},"product_brand":[],"product_cat":[270],"product_tag":[290,299,317,300,301,309,298,302],"class_list":{"0":"post-12821","1":"product","2":"type-product","3":"status-publish","4":"has-post-thumbnail","6":"product_cat-arte-original-dibujos-pintura-cuadros","7":"product_tag-arte","8":"product_tag-arte-original","9":"product_tag-augusta-plaza-de-paja","10":"product_tag-dibujos","11":"product_tag-dibujos-originales","12":"product_tag-lapiz","13":"product_tag-mario-jodra","14":"product_tag-papel-bouffant-90gr","15":"product_shipping_class-original-art","17":"first","18":"instock","19":"shipping-taxable","20":"purchasable","21":"product-type-simple"},"yoast_head":"<!-- This site is optimized with the Yoast SEO plugin v26.0 - https:\/\/yoast.com\/wordpress\/plugins\/seo\/ -->\n<title>Arco de Cuchilleros (Viejo Madrid) \u2013 Dibujos Originales | ElSordo.net<\/title>\n<meta name=\"description\" content=\"T\u00edtulo: Arco de Cuchilleros nocturno (Serie Viejo Madrid)  T\u00e9cnica y materiales: Carboncillo  Soporte: Papel Bouffant 90 gr  Dimensiones: 29,7 x 21 cm  Lugar y a\u00f1o de creaci\u00f3n: Madrid. 2021  Artista: Mario Jodra  &nbsp;  Firmado a mano.  Certificado de autenticidad.\" \/>\n<meta name=\"robots\" content=\"index, follow, max-snippet:-1, max-image-preview:large, max-video-preview:-1\" \/>\n<link rel=\"canonical\" href=\"https:\/\/elsordo.net\/es\/arte\/arco-de-cuchilleros-viejo-madrid-dibujos-originales\/\" \/>\n<meta property=\"og:locale\" content=\"es_ES\" \/>\n<meta property=\"og:type\" content=\"article\" \/>\n<meta property=\"og:title\" content=\"Arco de Cuchilleros (Viejo Madrid) \u2013 Dibujos Originales | ElSordo.net\" \/>\n<meta property=\"og:description\" content=\"T\u00edtulo: Arco de Cuchilleros nocturno (Serie Viejo Madrid)  T\u00e9cnica y materiales: Carboncillo  Soporte: Papel Bouffant 90 gr  Dimensiones: 29,7 x 21 cm  Lugar y a\u00f1o de creaci\u00f3n: Madrid. 2021  Artista: Mario Jodra  &nbsp;  Firmado a mano.  Certificado de autenticidad.\" \/>\n<meta property=\"og:url\" content=\"https:\/\/elsordo.net\/es\/arte\/arco-de-cuchilleros-viejo-madrid-dibujos-originales\/\" \/>\n<meta property=\"og:site_name\" content=\"ElSordo.net\" \/>\n<meta property=\"article:modified_time\" content=\"2023-11-03T09:39:47+00:00\" \/>\n<meta property=\"og:image\" content=\"https:\/\/elsordo.net\/es\/wp-content\/uploads\/2021\/11\/Logo-ElSordo.net-3.png\" \/>\n<meta name=\"twitter:card\" content=\"summary_large_image\" \/>\n<meta name=\"twitter:label1\" content=\"Tiempo de lectura\" \/>\n\t<meta name=\"twitter:data1\" content=\"1 minuto\" \/>\n<script type=\"application\/ld+json\" class=\"yoast-schema-graph\">{\"@context\":\"https:\/\/schema.org\",\"@graph\":[{\"@type\":\"WebPage\",\"@id\":\"https:\/\/elsordo.net\/es\/arte\/arco-de-cuchilleros-viejo-madrid-dibujos-originales\/\",\"url\":\"https:\/\/elsordo.net\/es\/arte\/arco-de-cuchilleros-viejo-madrid-dibujos-originales\/\",\"name\":\"Arco de Cuchilleros (Viejo Madrid) \u2013 Dibujos Originales | ElSordo.net\",\"isPartOf\":{\"@id\":\"https:\/\/elsordo.net\/es\/#website\"},\"primaryImageOfPage\":{\"@id\":\"https:\/\/elsordo.net\/es\/arte\/arco-de-cuchilleros-viejo-madrid-dibujos-originales\/#primaryimage\"},\"image\":{\"@id\":\"https:\/\/elsordo.net\/es\/arte\/arco-de-cuchilleros-viejo-madrid-dibujos-originales\/#primaryimage\"},\"thumbnailUrl\":\"https:\/\/elsordo.net\/es\/wp-content\/uploads\/2021\/12\/36-Arco-de-Cuchilleros-nocturno.jpg\",\"datePublished\":\"2021-12-24T18:10:12+00:00\",\"dateModified\":\"2023-11-03T09:39:47+00:00\",\"description\":\"T\u00edtulo: Arco de Cuchilleros nocturno (Serie Viejo Madrid) T\u00e9cnica y materiales: Carboncillo Soporte: Papel Bouffant 90 gr Dimensiones: 29,7 x 21 cm Lugar y a\u00f1o de creaci\u00f3n: Madrid. 2021 Artista: Mario Jodra &nbsp; Firmado a mano. Certificado de autenticidad.\",\"breadcrumb\":{\"@id\":\"https:\/\/elsordo.net\/es\/arte\/arco-de-cuchilleros-viejo-madrid-dibujos-originales\/#breadcrumb\"},\"inLanguage\":\"es\",\"potentialAction\":[{\"@type\":\"ReadAction\",\"target\":[\"https:\/\/elsordo.net\/es\/arte\/arco-de-cuchilleros-viejo-madrid-dibujos-originales\/\"]}]},{\"@type\":\"ImageObject\",\"inLanguage\":\"es\",\"@id\":\"https:\/\/elsordo.net\/es\/arte\/arco-de-cuchilleros-viejo-madrid-dibujos-originales\/#primaryimage\",\"url\":\"https:\/\/elsordo.net\/es\/wp-content\/uploads\/2021\/12\/36-Arco-de-Cuchilleros-nocturno.jpg\",\"contentUrl\":\"https:\/\/elsordo.net\/es\/wp-content\/uploads\/2021\/12\/36-Arco-de-Cuchilleros-nocturno.jpg\",\"width\":2000,\"height\":2505,\"caption\":\"Arco de Cuchilleros nocturno (Viejo Madrid) - Original Drawings\"},{\"@type\":\"BreadcrumbList\",\"@id\":\"https:\/\/elsordo.net\/es\/arte\/arco-de-cuchilleros-viejo-madrid-dibujos-originales\/#breadcrumb\",\"itemListElement\":[{\"@type\":\"ListItem\",\"position\":1,\"name\":\"Home\",\"item\":\"https:\/\/elsordo.net\/es\/\"},{\"@type\":\"ListItem\",\"position\":2,\"name\":\"Shop\",\"item\":\"https:\/\/elsordo.net\/es\/shop\/\"},{\"@type\":\"ListItem\",\"position\":3,\"name\":\"Arco de Cuchilleros (Viejo Madrid) \u2013 Dibujos Originales\"}]},{\"@type\":\"WebSite\",\"@id\":\"https:\/\/elsordo.net\/es\/#website\",\"url\":\"https:\/\/elsordo.net\/es\/\",\"name\":\"ElSordo.net\",\"description\":\"ElSordo es un sello editorial independiente, un proyecto de autoedici\u00f3n de Libros de Artista y Fanzines, Obra Gr\u00e1fica seriada, Prints y venta de Arte original\",\"publisher\":{\"@id\":\"https:\/\/elsordo.net\/es\/#organization\"},\"potentialAction\":[{\"@type\":\"SearchAction\",\"target\":{\"@type\":\"EntryPoint\",\"urlTemplate\":\"https:\/\/elsordo.net\/es\/?s={search_term_string}\"},\"query-input\":{\"@type\":\"PropertyValueSpecification\",\"valueRequired\":true,\"valueName\":\"search_term_string\"}}],\"inLanguage\":\"es\"},{\"@type\":\"Organization\",\"@id\":\"https:\/\/elsordo.net\/es\/#organization\",\"name\":\"ElSordo Ediciones\",\"url\":\"https:\/\/elsordo.net\/es\/\",\"logo\":{\"@type\":\"ImageObject\",\"inLanguage\":\"es\",\"@id\":\"https:\/\/elsordo.net\/es\/#\/schema\/logo\/image\/\",\"url\":\"https:\/\/elsordo.net\/es\/wp-content\/uploads\/2021\/12\/Logo-web-ElSordo.net-223x50-1.svg\",\"contentUrl\":\"https:\/\/elsordo.net\/es\/wp-content\/uploads\/2021\/12\/Logo-web-ElSordo.net-223x50-1.svg\",\"width\":220,\"height\":50,\"caption\":\"ElSordo Ediciones\"},\"image\":{\"@id\":\"https:\/\/elsordo.net\/es\/#\/schema\/logo\/image\/\"},\"sameAs\":[\"https:\/\/www.instagram.com\/elsordo_net\/\"]}]}<\/script>\n<!-- \/ Yoast SEO plugin. -->","yoast_head_json":{"title":"Arco de Cuchilleros (Viejo Madrid) \u2013 Dibujos Originales | ElSordo.net","description":"T\u00edtulo: Arco de Cuchilleros nocturno (Serie Viejo Madrid)  T\u00e9cnica y materiales: Carboncillo  Soporte: Papel Bouffant 90 gr  Dimensiones: 29,7 x 21 cm  Lugar y a\u00f1o de creaci\u00f3n: Madrid. 2021  Artista: Mario Jodra  &nbsp;  Firmado a mano.  Certificado de autenticidad.","robots":{"index":"index","follow":"follow","max-snippet":"max-snippet:-1","max-image-preview":"max-image-preview:large","max-video-preview":"max-video-preview:-1"},"canonical":"https:\/\/elsordo.net\/es\/arte\/arco-de-cuchilleros-viejo-madrid-dibujos-originales\/","og_locale":"es_ES","og_type":"article","og_title":"Arco de Cuchilleros (Viejo Madrid) \u2013 Dibujos Originales | ElSordo.net","og_description":"T\u00edtulo: Arco de Cuchilleros nocturno (Serie Viejo Madrid)  T\u00e9cnica y materiales: Carboncillo  Soporte: Papel Bouffant 90 gr  Dimensiones: 29,7 x 21 cm  Lugar y a\u00f1o de creaci\u00f3n: Madrid. 2021  Artista: Mario Jodra  &nbsp;  Firmado a mano.  Certificado de autenticidad.","og_url":"https:\/\/elsordo.net\/es\/arte\/arco-de-cuchilleros-viejo-madrid-dibujos-originales\/","og_site_name":"ElSordo.net","article_modified_time":"2023-11-03T09:39:47+00:00","og_image":[{"url":"https:\/\/elsordo.net\/es\/wp-content\/uploads\/2021\/11\/Logo-ElSordo.net-3.png","type":"","width":"","height":""}],"twitter_card":"summary_large_image","twitter_misc":{"Tiempo de lectura":"1 minuto"},"schema":{"@context":"https:\/\/schema.org","@graph":[{"@type":"WebPage","@id":"https:\/\/elsordo.net\/es\/arte\/arco-de-cuchilleros-viejo-madrid-dibujos-originales\/","url":"https:\/\/elsordo.net\/es\/arte\/arco-de-cuchilleros-viejo-madrid-dibujos-originales\/","name":"Arco de Cuchilleros (Viejo Madrid) \u2013 Dibujos Originales | ElSordo.net","isPartOf":{"@id":"https:\/\/elsordo.net\/es\/#website"},"primaryImageOfPage":{"@id":"https:\/\/elsordo.net\/es\/arte\/arco-de-cuchilleros-viejo-madrid-dibujos-originales\/#primaryimage"},"image":{"@id":"https:\/\/elsordo.net\/es\/arte\/arco-de-cuchilleros-viejo-madrid-dibujos-originales\/#primaryimage"},"thumbnailUrl":"https:\/\/elsordo.net\/es\/wp-content\/uploads\/2021\/12\/36-Arco-de-Cuchilleros-nocturno.jpg","datePublished":"2021-12-24T18:10:12+00:00","dateModified":"2023-11-03T09:39:47+00:00","description":"T\u00edtulo: Arco de Cuchilleros nocturno (Serie Viejo Madrid) T\u00e9cnica y materiales: Carboncillo Soporte: Papel Bouffant 90 gr Dimensiones: 29,7 x 21 cm Lugar y a\u00f1o de creaci\u00f3n: Madrid. 2021 Artista: Mario Jodra &nbsp; Firmado a mano. Certificado de autenticidad.","breadcrumb":{"@id":"https:\/\/elsordo.net\/es\/arte\/arco-de-cuchilleros-viejo-madrid-dibujos-originales\/#breadcrumb"},"inLanguage":"es","potentialAction":[{"@type":"ReadAction","target":["https:\/\/elsordo.net\/es\/arte\/arco-de-cuchilleros-viejo-madrid-dibujos-originales\/"]}]},{"@type":"ImageObject","inLanguage":"es","@id":"https:\/\/elsordo.net\/es\/arte\/arco-de-cuchilleros-viejo-madrid-dibujos-originales\/#primaryimage","url":"https:\/\/elsordo.net\/es\/wp-content\/uploads\/2021\/12\/36-Arco-de-Cuchilleros-nocturno.jpg","contentUrl":"https:\/\/elsordo.net\/es\/wp-content\/uploads\/2021\/12\/36-Arco-de-Cuchilleros-nocturno.jpg","width":2000,"height":2505,"caption":"Arco de Cuchilleros nocturno (Viejo Madrid) - Original Drawings"},{"@type":"BreadcrumbList","@id":"https:\/\/elsordo.net\/es\/arte\/arco-de-cuchilleros-viejo-madrid-dibujos-originales\/#breadcrumb","itemListElement":[{"@type":"ListItem","position":1,"name":"Home","item":"https:\/\/elsordo.net\/es\/"},{"@type":"ListItem","position":2,"name":"Shop","item":"https:\/\/elsordo.net\/es\/shop\/"},{"@type":"ListItem","position":3,"name":"Arco de Cuchilleros (Viejo Madrid) \u2013 Dibujos Originales"}]},{"@type":"WebSite","@id":"https:\/\/elsordo.net\/es\/#website","url":"https:\/\/elsordo.net\/es\/","name":"ElSordo.net","description":"ElSordo es un sello editorial independiente, un proyecto de autoedici\u00f3n de Libros de Artista y Fanzines, Obra Gr\u00e1fica seriada, Prints y venta de Arte original","publisher":{"@id":"https:\/\/elsordo.net\/es\/#organization"},"potentialAction":[{"@type":"SearchAction","target":{"@type":"EntryPoint","urlTemplate":"https:\/\/elsordo.net\/es\/?s={search_term_string}"},"query-input":{"@type":"PropertyValueSpecification","valueRequired":true,"valueName":"search_term_string"}}],"inLanguage":"es"},{"@type":"Organization","@id":"https:\/\/elsordo.net\/es\/#organization","name":"ElSordo Ediciones","url":"https:\/\/elsordo.net\/es\/","logo":{"@type":"ImageObject","inLanguage":"es","@id":"https:\/\/elsordo.net\/es\/#\/schema\/logo\/image\/","url":"https:\/\/elsordo.net\/es\/wp-content\/uploads\/2021\/12\/Logo-web-ElSordo.net-223x50-1.svg","contentUrl":"https:\/\/elsordo.net\/es\/wp-content\/uploads\/2021\/12\/Logo-web-ElSordo.net-223x50-1.svg","width":220,"height":50,"caption":"ElSordo Ediciones"},"image":{"@id":"https:\/\/elsordo.net\/es\/#\/schema\/logo\/image\/"},"sameAs":["https:\/\/www.instagram.com\/elsordo_net\/"]}]}},"_links":{"self":[{"href":"https:\/\/elsordo.net\/es\/wp-json\/wp\/v2\/product\/12821","targetHints":{"allow":["GET"]}}],"collection":[{"href":"https:\/\/elsordo.net\/es\/wp-json\/wp\/v2\/product"}],"about":[{"href":"https:\/\/elsordo.net\/es\/wp-json\/wp\/v2\/types\/product"}],"wp:featuredmedia":[{"embeddable":true,"href":"https:\/\/elsordo.net\/es\/wp-json\/wp\/v2\/media\/12800"}],"wp:attachment":[{"href":"https:\/\/elsordo.net\/es\/wp-json\/wp\/v2\/media?parent=12821"}],"wp:term":[{"taxonomy":"product_brand","embeddable":true,"href":"https:\/\/elsordo.net\/es\/wp-json\/wp\/v2\/product_brand?post=12821"},{"taxonomy":"product_cat","embeddable":true,"href":"https:\/\/elsordo.net\/es\/wp-json\/wp\/v2\/product_cat?post=12821"},{"taxonomy":"product_tag","embeddable":true,"href":"https:\/\/elsordo.net\/es\/wp-json\/wp\/v2\/product_tag?post=12821"}],"curies":[{"name":"wp","href":"https:\/\/api.w.org\/{rel}","templated":true}]}}