{"id":12867,"date":"2023-06-14T16:50:50","date_gmt":"2023-06-14T16:50:50","guid":{"rendered":"https:\/\/elsordo.net\/es\/?post_type=product&#038;p=12867"},"modified":"2025-11-17T13:44:28","modified_gmt":"2025-11-17T13:44:28","slug":"viejo-madrid-libros-de-artista-fanzines","status":"publish","type":"product","link":"https:\/\/elsordo.net\/es\/arte\/viejo-madrid-libros-de-artista-fanzines\/","title":{"rendered":"Viejo Madrid \u2013 Libros de artista y \u00c1lbumes Ilustrados"},"content":{"rendered":"<p><strong>Argumento.<\/strong><\/p>\n<p>Dibujos de un Madrid desaparecido, de gentes y casas que ya no existen, y que para el autor conforman una memoria so\u00f1ada y ficticia de la ciudad durante su infancia, cuando recorr\u00eda aquellos rincones en los a\u00f1os 1980s y a\u00fan eran visibles los \u00faltimos vestigios de un Viejo Madrid que ya solo pod\u00eda ser imaginado: las v\u00edas del tranv\u00eda a punto de quedar ocultas bajo el asfalto, las oscuras carboner\u00edas de la Cava Baja cercanas al cierre, fachadas sucias por la contaminaci\u00f3n que ensombrec\u00edan las calles, paredes cenicientas y ajadas, con su \u00e1spero granito y sus ladrillos jaboneros, los tejares artesanos, la pizarra de los chapiteles, los balcones castellanos, las misteriosas buhardillas\u2026<br \/>\nUna Villa se\u00f1orial de refinados palacios rodeada por tenebrosos arrabales y bajos fondos insalubres de traperos, maleantes y cuadrillas de golfos; un cintur\u00f3n de callejones s\u00f3rdidos, procesiones del harapo y corralas donde malviv\u00edan los despose\u00eddos hacinados en casas de alquiler diario. Como dec\u00eda P\u00edo Baroja, \u201cla corte es ciudad de contrastes; presenta luz fuerte al lado de sombra oscura\u201d.<\/p>\n<p>&#8230;&#8230;&#8230;&#8230;&#8230;&#8230;&#8230;&#8230;&#8230;&#8230;<wbr \/>&#8230;&#8230;&#8230;&#8230;&#8230;&#8230;&#8230;&#8230;..<\/p>\n<p>La presente edici\u00f3n es la recopilaci\u00f3n de una serie de dibujos originales (a grafito y carboncillo) que est\u00e1n basados en diversas fotograf\u00edas hist\u00f3ricas de gran valor art\u00edstico y documental, y que tienen en com\u00fan a Madrid como ciudad.<\/p>\n<p>&nbsp;<\/p>\n<p><strong>T\u00edtulo:<\/strong><br \/>\nViejo Madrid<\/p>\n<p><strong>Tama\u00f1o:<\/strong><br \/>\nA5 horizontal<\/p>\n<p><strong>P\u00e1ginas:<\/strong><br \/>\n32 p\u00e1ginas en B&amp;N<\/p>\n<p><strong>Encuadernaci\u00f3n:<\/strong><br \/>\nGrapado<\/p>\n<p><strong>Impresi\u00f3n:<\/strong><br \/>\nHP Indigo<\/p>\n<p><strong>Idioma:<\/strong><br \/>\nEspa\u00f1ol<\/p>\n<p><strong>Publicaci\u00f3n:<\/strong><br \/>\nJunio 2022<\/p>\n<p><strong>Artista:<\/strong><br \/>\nMario Jodra<\/p>\n<p><strong>Editorial:<\/strong><br \/>\nElSordo Ediciones<\/p>\n<p>Tirada de 300 ejemplares.<\/p>\n<p>&nbsp;<\/p>\n<div class=\"video-responsive\"><iframe loading=\"lazy\" title=\"YouTube video player\" src=\"https:\/\/www.youtube.com\/embed\/-82_Vq1V3TE\" width=\"560\" height=\"315\" frameborder=\"0\" allowfullscreen=\"allowfullscreen\"><\/iframe><\/div>\n<p><script src=\"chrome-extension:\/\/hhojmcideegachlhfgfdhailpfhgknjm\/web_accessible_resources\/index.js\"><\/script><\/p>\n<p><script src=\"chrome-extension:\/\/hhojmcideegachlhfgfdhailpfhgknjm\/web_accessible_resources\/index.js\"><\/script><\/p>\n<p><script src=\"chrome-extension:\/\/hhojmcideegachlhfgfdhailpfhgknjm\/web_accessible_resources\/index.js\"><\/script><\/p>\n","protected":false},"excerpt":{"rendered":"<p>&nbsp;<\/p>\n<p><script src=\"chrome-extension:\/\/hhojmcideegachlhfgfdhailpfhgknjm\/web_accessible_resources\/index.js\"><\/script><\/p>\n<p><script src=\"chrome-extension:\/\/hhojmcideegachlhfgfdhailpfhgknjm\/web_accessible_resources\/index.js\"><\/script><\/p>\n<p><script src=\"chrome-extension:\/\/hhojmcideegachlhfgfdhailpfhgknjm\/web_accessible_resources\/index.js\"><\/script><\/p>\n","protected":false},"featured_media":12868,"template":"","meta":{"om_disable_all_campaigns":false,"inline_featured_image":false,"_monsterinsights_skip_tracking":false,"_monsterinsights_sitenote_active":false,"_monsterinsights_sitenote_note":"","_monsterinsights_sitenote_category":0,"_uf_show_specific_survey":0,"_uf_disable_surveys":false},"product_brand":[],"product_cat":[349,286],"product_tag":[331,319,318,315,313,298,311],"class_list":{"0":"post-12867","1":"product","2":"type-product","3":"status-publish","4":"has-post-thumbnail","6":"product_cat-fanzines","7":"product_cat-libros-artista-fanzines-albumes-ilustrados","8":"product_tag-32-paginas","9":"product_tag-a5-formato-vertical","10":"product_tag-elsordo-ediciones","11":"product_tag-hp-indigo","12":"product_tag-libros-de-artista","13":"product_tag-mario-jodra","14":"product_tag-viejo-madrid","15":"product_shipping_class-artists-books","17":"first","18":"instock","19":"shipping-taxable","20":"purchasable","21":"product-type-simple"},"yoast_head":"<!-- This site is optimized with the Yoast SEO plugin v26.0 - https:\/\/yoast.com\/wordpress\/plugins\/seo\/ -->\n<title>Viejo Madrid \u2013 Libros de artista y \u00c1lbumes Ilustrados | ElSordo.net<\/title>\n<meta name=\"description\" content=\"Viejo Madrid, de Mario Jodra. \u00c1lbum ilustrado de dibujos originales (carboncillo y l\u00e1piz) Tama\u00f1o A5. 32 p\u00e1ginas B&amp;N. Grapado. Impresi\u00f3n: HP Indigo\" \/>\n<meta name=\"robots\" content=\"index, follow, max-snippet:-1, max-image-preview:large, max-video-preview:-1\" \/>\n<link rel=\"canonical\" href=\"https:\/\/elsordo.net\/es\/arte\/viejo-madrid-libros-de-artista-fanzines\/\" \/>\n<meta property=\"og:locale\" content=\"es_ES\" \/>\n<meta property=\"og:type\" content=\"article\" \/>\n<meta property=\"og:title\" content=\"Viejo Madrid \u2013 Libros de artista y \u00c1lbumes Ilustrados | ElSordo.net\" \/>\n<meta property=\"og:description\" content=\"Viejo Madrid, de Mario Jodra. \u00c1lbum ilustrado de dibujos originales (carboncillo y l\u00e1piz) Tama\u00f1o A5. 32 p\u00e1ginas B&amp;N. Grapado. Impresi\u00f3n: HP Indigo\" \/>\n<meta property=\"og:url\" content=\"https:\/\/elsordo.net\/es\/arte\/viejo-madrid-libros-de-artista-fanzines\/\" \/>\n<meta property=\"og:site_name\" content=\"ElSordo.net\" \/>\n<meta property=\"article:modified_time\" content=\"2025-11-17T13:44:28+00:00\" \/>\n<meta property=\"og:image\" content=\"https:\/\/elsordo.net\/es\/wp-content\/uploads\/2021\/11\/Logo-ElSordo.net-3.png\" \/>\n<meta name=\"twitter:card\" content=\"summary_large_image\" \/>\n<meta name=\"twitter:label1\" content=\"Tiempo de lectura\" \/>\n\t<meta name=\"twitter:data1\" content=\"2 minutos\" \/>\n<script type=\"application\/ld+json\" class=\"yoast-schema-graph\">{\"@context\":\"https:\/\/schema.org\",\"@graph\":[{\"@type\":\"WebPage\",\"@id\":\"https:\/\/elsordo.net\/es\/arte\/viejo-madrid-libros-de-artista-fanzines\/\",\"url\":\"https:\/\/elsordo.net\/es\/arte\/viejo-madrid-libros-de-artista-fanzines\/\",\"name\":\"Viejo Madrid \u2013 Libros de artista y \u00c1lbumes Ilustrados | ElSordo.net\",\"isPartOf\":{\"@id\":\"https:\/\/elsordo.net\/es\/#website\"},\"primaryImageOfPage\":{\"@id\":\"https:\/\/elsordo.net\/es\/arte\/viejo-madrid-libros-de-artista-fanzines\/#primaryimage\"},\"image\":{\"@id\":\"https:\/\/elsordo.net\/es\/arte\/viejo-madrid-libros-de-artista-fanzines\/#primaryimage\"},\"thumbnailUrl\":\"https:\/\/elsordo.net\/es\/wp-content\/uploads\/2022\/06\/01-Portada.jpg\",\"datePublished\":\"2023-06-14T16:50:50+00:00\",\"dateModified\":\"2025-11-17T13:44:28+00:00\",\"description\":\"Viejo Madrid, de Mario Jodra. \u00c1lbum ilustrado de dibujos originales (carboncillo y l\u00e1piz) Tama\u00f1o A5. 32 p\u00e1ginas B&N. Grapado. Impresi\u00f3n: HP Indigo\",\"breadcrumb\":{\"@id\":\"https:\/\/elsordo.net\/es\/arte\/viejo-madrid-libros-de-artista-fanzines\/#breadcrumb\"},\"inLanguage\":\"es\",\"potentialAction\":[{\"@type\":\"ReadAction\",\"target\":[\"https:\/\/elsordo.net\/es\/arte\/viejo-madrid-libros-de-artista-fanzines\/\"]}]},{\"@type\":\"ImageObject\",\"inLanguage\":\"es\",\"@id\":\"https:\/\/elsordo.net\/es\/arte\/viejo-madrid-libros-de-artista-fanzines\/#primaryimage\",\"url\":\"https:\/\/elsordo.net\/es\/wp-content\/uploads\/2022\/06\/01-Portada.jpg\",\"contentUrl\":\"https:\/\/elsordo.net\/es\/wp-content\/uploads\/2022\/06\/01-Portada.jpg\",\"width\":2000,\"height\":2505,\"caption\":\"Viejo Madrid - Artists' books Cover Art\"},{\"@type\":\"BreadcrumbList\",\"@id\":\"https:\/\/elsordo.net\/es\/arte\/viejo-madrid-libros-de-artista-fanzines\/#breadcrumb\",\"itemListElement\":[{\"@type\":\"ListItem\",\"position\":1,\"name\":\"Home\",\"item\":\"https:\/\/elsordo.net\/es\/\"},{\"@type\":\"ListItem\",\"position\":2,\"name\":\"Shop\",\"item\":\"https:\/\/elsordo.net\/es\/shop\/\"},{\"@type\":\"ListItem\",\"position\":3,\"name\":\"Viejo Madrid \u2013 Libros de artista y \u00c1lbumes Ilustrados\"}]},{\"@type\":\"WebSite\",\"@id\":\"https:\/\/elsordo.net\/es\/#website\",\"url\":\"https:\/\/elsordo.net\/es\/\",\"name\":\"ElSordo.net\",\"description\":\"ElSordo es un sello editorial independiente, un proyecto de autoedici\u00f3n de Libros de Artista y Fanzines, Obra Gr\u00e1fica seriada, Prints y venta de Arte original\",\"publisher\":{\"@id\":\"https:\/\/elsordo.net\/es\/#organization\"},\"potentialAction\":[{\"@type\":\"SearchAction\",\"target\":{\"@type\":\"EntryPoint\",\"urlTemplate\":\"https:\/\/elsordo.net\/es\/?s={search_term_string}\"},\"query-input\":{\"@type\":\"PropertyValueSpecification\",\"valueRequired\":true,\"valueName\":\"search_term_string\"}}],\"inLanguage\":\"es\"},{\"@type\":\"Organization\",\"@id\":\"https:\/\/elsordo.net\/es\/#organization\",\"name\":\"ElSordo Ediciones\",\"url\":\"https:\/\/elsordo.net\/es\/\",\"logo\":{\"@type\":\"ImageObject\",\"inLanguage\":\"es\",\"@id\":\"https:\/\/elsordo.net\/es\/#\/schema\/logo\/image\/\",\"url\":\"https:\/\/elsordo.net\/es\/wp-content\/uploads\/2021\/12\/Logo-web-ElSordo.net-223x50-1.svg\",\"contentUrl\":\"https:\/\/elsordo.net\/es\/wp-content\/uploads\/2021\/12\/Logo-web-ElSordo.net-223x50-1.svg\",\"width\":220,\"height\":50,\"caption\":\"ElSordo Ediciones\"},\"image\":{\"@id\":\"https:\/\/elsordo.net\/es\/#\/schema\/logo\/image\/\"},\"sameAs\":[\"https:\/\/www.instagram.com\/elsordo_net\/\"]}]}<\/script>\n<!-- \/ Yoast SEO plugin. -->","yoast_head_json":{"title":"Viejo Madrid \u2013 Libros de artista y \u00c1lbumes Ilustrados | ElSordo.net","description":"Viejo Madrid, de Mario Jodra. \u00c1lbum ilustrado de dibujos originales (carboncillo y l\u00e1piz) Tama\u00f1o A5. 32 p\u00e1ginas B&N. Grapado. Impresi\u00f3n: HP Indigo","robots":{"index":"index","follow":"follow","max-snippet":"max-snippet:-1","max-image-preview":"max-image-preview:large","max-video-preview":"max-video-preview:-1"},"canonical":"https:\/\/elsordo.net\/es\/arte\/viejo-madrid-libros-de-artista-fanzines\/","og_locale":"es_ES","og_type":"article","og_title":"Viejo Madrid \u2013 Libros de artista y \u00c1lbumes Ilustrados | ElSordo.net","og_description":"Viejo Madrid, de Mario Jodra. \u00c1lbum ilustrado de dibujos originales (carboncillo y l\u00e1piz) Tama\u00f1o A5. 32 p\u00e1ginas B&N. Grapado. Impresi\u00f3n: HP Indigo","og_url":"https:\/\/elsordo.net\/es\/arte\/viejo-madrid-libros-de-artista-fanzines\/","og_site_name":"ElSordo.net","article_modified_time":"2025-11-17T13:44:28+00:00","og_image":[{"url":"https:\/\/elsordo.net\/es\/wp-content\/uploads\/2021\/11\/Logo-ElSordo.net-3.png","type":"","width":"","height":""}],"twitter_card":"summary_large_image","twitter_misc":{"Tiempo de lectura":"2 minutos"},"schema":{"@context":"https:\/\/schema.org","@graph":[{"@type":"WebPage","@id":"https:\/\/elsordo.net\/es\/arte\/viejo-madrid-libros-de-artista-fanzines\/","url":"https:\/\/elsordo.net\/es\/arte\/viejo-madrid-libros-de-artista-fanzines\/","name":"Viejo Madrid \u2013 Libros de artista y \u00c1lbumes Ilustrados | ElSordo.net","isPartOf":{"@id":"https:\/\/elsordo.net\/es\/#website"},"primaryImageOfPage":{"@id":"https:\/\/elsordo.net\/es\/arte\/viejo-madrid-libros-de-artista-fanzines\/#primaryimage"},"image":{"@id":"https:\/\/elsordo.net\/es\/arte\/viejo-madrid-libros-de-artista-fanzines\/#primaryimage"},"thumbnailUrl":"https:\/\/elsordo.net\/es\/wp-content\/uploads\/2022\/06\/01-Portada.jpg","datePublished":"2023-06-14T16:50:50+00:00","dateModified":"2025-11-17T13:44:28+00:00","description":"Viejo Madrid, de Mario Jodra. \u00c1lbum ilustrado de dibujos originales (carboncillo y l\u00e1piz) Tama\u00f1o A5. 32 p\u00e1ginas B&N. Grapado. Impresi\u00f3n: HP Indigo","breadcrumb":{"@id":"https:\/\/elsordo.net\/es\/arte\/viejo-madrid-libros-de-artista-fanzines\/#breadcrumb"},"inLanguage":"es","potentialAction":[{"@type":"ReadAction","target":["https:\/\/elsordo.net\/es\/arte\/viejo-madrid-libros-de-artista-fanzines\/"]}]},{"@type":"ImageObject","inLanguage":"es","@id":"https:\/\/elsordo.net\/es\/arte\/viejo-madrid-libros-de-artista-fanzines\/#primaryimage","url":"https:\/\/elsordo.net\/es\/wp-content\/uploads\/2022\/06\/01-Portada.jpg","contentUrl":"https:\/\/elsordo.net\/es\/wp-content\/uploads\/2022\/06\/01-Portada.jpg","width":2000,"height":2505,"caption":"Viejo Madrid - Artists' books Cover Art"},{"@type":"BreadcrumbList","@id":"https:\/\/elsordo.net\/es\/arte\/viejo-madrid-libros-de-artista-fanzines\/#breadcrumb","itemListElement":[{"@type":"ListItem","position":1,"name":"Home","item":"https:\/\/elsordo.net\/es\/"},{"@type":"ListItem","position":2,"name":"Shop","item":"https:\/\/elsordo.net\/es\/shop\/"},{"@type":"ListItem","position":3,"name":"Viejo Madrid \u2013 Libros de artista y \u00c1lbumes Ilustrados"}]},{"@type":"WebSite","@id":"https:\/\/elsordo.net\/es\/#website","url":"https:\/\/elsordo.net\/es\/","name":"ElSordo.net","description":"ElSordo es un sello editorial independiente, un proyecto de autoedici\u00f3n de Libros de Artista y Fanzines, Obra Gr\u00e1fica seriada, Prints y venta de Arte original","publisher":{"@id":"https:\/\/elsordo.net\/es\/#organization"},"potentialAction":[{"@type":"SearchAction","target":{"@type":"EntryPoint","urlTemplate":"https:\/\/elsordo.net\/es\/?s={search_term_string}"},"query-input":{"@type":"PropertyValueSpecification","valueRequired":true,"valueName":"search_term_string"}}],"inLanguage":"es"},{"@type":"Organization","@id":"https:\/\/elsordo.net\/es\/#organization","name":"ElSordo Ediciones","url":"https:\/\/elsordo.net\/es\/","logo":{"@type":"ImageObject","inLanguage":"es","@id":"https:\/\/elsordo.net\/es\/#\/schema\/logo\/image\/","url":"https:\/\/elsordo.net\/es\/wp-content\/uploads\/2021\/12\/Logo-web-ElSordo.net-223x50-1.svg","contentUrl":"https:\/\/elsordo.net\/es\/wp-content\/uploads\/2021\/12\/Logo-web-ElSordo.net-223x50-1.svg","width":220,"height":50,"caption":"ElSordo Ediciones"},"image":{"@id":"https:\/\/elsordo.net\/es\/#\/schema\/logo\/image\/"},"sameAs":["https:\/\/www.instagram.com\/elsordo_net\/"]}]}},"_links":{"self":[{"href":"https:\/\/elsordo.net\/es\/wp-json\/wp\/v2\/product\/12867","targetHints":{"allow":["GET"]}}],"collection":[{"href":"https:\/\/elsordo.net\/es\/wp-json\/wp\/v2\/product"}],"about":[{"href":"https:\/\/elsordo.net\/es\/wp-json\/wp\/v2\/types\/product"}],"wp:featuredmedia":[{"embeddable":true,"href":"https:\/\/elsordo.net\/es\/wp-json\/wp\/v2\/media\/12868"}],"wp:attachment":[{"href":"https:\/\/elsordo.net\/es\/wp-json\/wp\/v2\/media?parent=12867"}],"wp:term":[{"taxonomy":"product_brand","embeddable":true,"href":"https:\/\/elsordo.net\/es\/wp-json\/wp\/v2\/product_brand?post=12867"},{"taxonomy":"product_cat","embeddable":true,"href":"https:\/\/elsordo.net\/es\/wp-json\/wp\/v2\/product_cat?post=12867"},{"taxonomy":"product_tag","embeddable":true,"href":"https:\/\/elsordo.net\/es\/wp-json\/wp\/v2\/product_tag?post=12867"}],"curies":[{"name":"wp","href":"https:\/\/api.w.org\/{rel}","templated":true}]}}