{"id":12945,"date":"2022-10-10T09:50:07","date_gmt":"2022-10-10T09:50:07","guid":{"rendered":"https:\/\/elsordo.net\/es\/?post_type=product&#038;p=12945"},"modified":"2025-11-17T13:45:14","modified_gmt":"2025-11-17T13:45:14","slug":"ultra-diversas-roturas-breves-libro-de-poesia-ilustrado","status":"publish","type":"product","link":"https:\/\/elsordo.net\/es\/arte\/ultra-diversas-roturas-breves-libro-de-poesia-ilustrado\/","title":{"rendered":"Ultra Diversas Roturas Breves \u2013 Libro de poes\u00eda ilustrado"},"content":{"rendered":"<p><strong>Argumento.<\/strong><\/p>\n<p>\u00abUltra Diversas Roturas Breves\u00bb es una recopilaci\u00f3n de poes\u00edas in\u00e9ditas escritas en diferentes \u00e9pocas, que sin tener una tem\u00e1tica como v\u00ednculo com\u00fan cuando fueron creadas, han podido ser estructuradas en varios apartados particulares donde poder darles cobijo, y cuyos t\u00edtulos unidos han podido bautizar este libro.<\/p>\n<p>Un nombre que en s\u00ed mismo es un juego po\u00e9tico y un oximor\u00f3n que quiz\u00e1s sea el que mejor define la naturaleza de estas poes\u00edas y la obra en su conjunto: poemas variados que rompen una continuidad en el tiempo, algunos cortos y otros m\u00e1s largos, muchos inspirados por el ultra\u00edsmo y otros por el amor y el desamor.<\/p>\n<p>&nbsp;<\/p>\n<p><strong>T\u00edtulo:<\/strong><br \/>\nUltra Diversas Roturas Breves<\/p>\n<p><strong>Tama\u00f1o:<\/strong><br \/>\nA5 vertical.<\/p>\n<p><strong>P\u00e1ginas:<\/strong><br \/>\n48 pages in B&amp;W<\/p>\n<p><strong>Encuadernaci\u00f3n:<\/strong><br \/>\nR\u00fastica de tapa blanda<\/p>\n<p><strong>Impresi\u00f3n:<\/strong><br \/>\nHP Indigo<\/p>\n<p><strong>Idioma:<\/strong><br \/>\nEspa\u00f1ol<\/p>\n<p><strong>Publicaci\u00f3n:<\/strong><br \/>\nSeptiembre 2022<\/p>\n<p><strong>Artista:<\/strong><br \/>\nMario Jodra<\/p>\n<p><strong>Editorial:<\/strong><br \/>\nElSordo Ediciones<\/p>\n<p>Tirada de 150 ejemplares.<\/p>\n","protected":false},"excerpt":{"rendered":"<p>Argumento. \u00abUltra Diversas Roturas Breves\u00bb es una recopilaci\u00f3n de poes\u00edas in\u00e9ditas escritas en diferentes \u00e9pocas, que sin tener una tem\u00e1tica como v\u00ednculo com\u00fan cuando fueron creadas, han podido ser estructuradas en varios apartados particulares donde poder darles cobijo, y cuyos t\u00edtulos unidos han podido bautizar este libro. Un nombre que en s\u00ed mismo es un juego po\u00e9tico y un oximor\u00f3n [&hellip;]<\/p>\n","protected":false},"featured_media":12948,"template":"","meta":{"om_disable_all_campaigns":false,"inline_featured_image":false,"_monsterinsights_skip_tracking":false,"_monsterinsights_sitenote_active":false,"_monsterinsights_sitenote_note":"","_monsterinsights_sitenote_category":0,"_uf_show_specific_survey":0,"_uf_disable_surveys":false},"product_brand":[],"product_cat":[349,286],"product_tag":[319,318,315,313,298,334,332,333],"class_list":{"0":"post-12945","1":"product","2":"type-product","3":"status-publish","4":"has-post-thumbnail","6":"product_cat-fanzines","7":"product_cat-libros-artista-fanzines-albumes-ilustrados","8":"product_tag-a5-formato-vertical","9":"product_tag-elsordo-ediciones","10":"product_tag-hp-indigo","11":"product_tag-libros-de-artista","12":"product_tag-mario-jodra","13":"product_tag-poemas","14":"product_tag-poesia","15":"product_tag-ultra-diversas-roturas-breves","16":"product_shipping_class-artists-books","18":"first","19":"instock","20":"shipping-taxable","21":"purchasable","22":"product-type-simple"},"yoast_head":"<!-- This site is optimized with the Yoast SEO plugin v26.0 - https:\/\/yoast.com\/wordpress\/plugins\/seo\/ -->\n<title>Ultra Diversas Roturas Breves \u2013 Libro de poes\u00eda ilustrado | ElSordo.net<\/title>\n<meta name=\"description\" content=\"Ultra Diversas Roturas Breves, de Mario Jodra, es una recopilaci\u00f3n de poes\u00edas in\u00e9ditas escritas en diferentes \u00e9pocas, ilustradas con dibujos del propio poeta\" \/>\n<meta name=\"robots\" content=\"index, follow, max-snippet:-1, max-image-preview:large, max-video-preview:-1\" \/>\n<link rel=\"canonical\" href=\"https:\/\/elsordo.net\/es\/arte\/ultra-diversas-roturas-breves-libro-de-poesia-ilustrado\/\" \/>\n<meta property=\"og:locale\" content=\"es_ES\" \/>\n<meta property=\"og:type\" content=\"article\" \/>\n<meta property=\"og:title\" content=\"Ultra Diversas Roturas Breves \u2013 Libro de poes\u00eda ilustrado | ElSordo.net\" \/>\n<meta property=\"og:description\" content=\"Ultra Diversas Roturas Breves, de Mario Jodra, es una recopilaci\u00f3n de poes\u00edas in\u00e9ditas escritas en diferentes \u00e9pocas, ilustradas con dibujos del propio poeta\" \/>\n<meta property=\"og:url\" content=\"https:\/\/elsordo.net\/es\/arte\/ultra-diversas-roturas-breves-libro-de-poesia-ilustrado\/\" \/>\n<meta property=\"og:site_name\" content=\"ElSordo.net\" \/>\n<meta property=\"article:modified_time\" content=\"2025-11-17T13:45:14+00:00\" \/>\n<meta property=\"og:image\" content=\"https:\/\/elsordo.net\/es\/wp-content\/uploads\/2021\/11\/Logo-ElSordo.net-3.png\" \/>\n<meta name=\"twitter:card\" content=\"summary_large_image\" \/>\n<meta name=\"twitter:label1\" content=\"Tiempo de lectura\" \/>\n\t<meta name=\"twitter:data1\" content=\"1 minuto\" \/>\n<script type=\"application\/ld+json\" class=\"yoast-schema-graph\">{\"@context\":\"https:\/\/schema.org\",\"@graph\":[{\"@type\":\"WebPage\",\"@id\":\"https:\/\/elsordo.net\/es\/arte\/ultra-diversas-roturas-breves-libro-de-poesia-ilustrado\/\",\"url\":\"https:\/\/elsordo.net\/es\/arte\/ultra-diversas-roturas-breves-libro-de-poesia-ilustrado\/\",\"name\":\"Ultra Diversas Roturas Breves \u2013 Libro de poes\u00eda ilustrado | ElSordo.net\",\"isPartOf\":{\"@id\":\"https:\/\/elsordo.net\/es\/#website\"},\"primaryImageOfPage\":{\"@id\":\"https:\/\/elsordo.net\/es\/arte\/ultra-diversas-roturas-breves-libro-de-poesia-ilustrado\/#primaryimage\"},\"image\":{\"@id\":\"https:\/\/elsordo.net\/es\/arte\/ultra-diversas-roturas-breves-libro-de-poesia-ilustrado\/#primaryimage\"},\"thumbnailUrl\":\"https:\/\/elsordo.net\/es\/wp-content\/uploads\/2022\/10\/01-portada.jpg\",\"datePublished\":\"2022-10-10T09:50:07+00:00\",\"dateModified\":\"2025-11-17T13:45:14+00:00\",\"description\":\"Ultra Diversas Roturas Breves, de Mario Jodra, es una recopilaci\u00f3n de poes\u00edas in\u00e9ditas escritas en diferentes \u00e9pocas, ilustradas con dibujos del propio poeta\",\"breadcrumb\":{\"@id\":\"https:\/\/elsordo.net\/es\/arte\/ultra-diversas-roturas-breves-libro-de-poesia-ilustrado\/#breadcrumb\"},\"inLanguage\":\"es\",\"potentialAction\":[{\"@type\":\"ReadAction\",\"target\":[\"https:\/\/elsordo.net\/es\/arte\/ultra-diversas-roturas-breves-libro-de-poesia-ilustrado\/\"]}]},{\"@type\":\"ImageObject\",\"inLanguage\":\"es\",\"@id\":\"https:\/\/elsordo.net\/es\/arte\/ultra-diversas-roturas-breves-libro-de-poesia-ilustrado\/#primaryimage\",\"url\":\"https:\/\/elsordo.net\/es\/wp-content\/uploads\/2022\/10\/01-portada.jpg\",\"contentUrl\":\"https:\/\/elsordo.net\/es\/wp-content\/uploads\/2022\/10\/01-portada.jpg\",\"width\":2000,\"height\":2505,\"caption\":\"Ultra Diversas Roturas Breves - Poetry Book, by Mario Jodra\"},{\"@type\":\"BreadcrumbList\",\"@id\":\"https:\/\/elsordo.net\/es\/arte\/ultra-diversas-roturas-breves-libro-de-poesia-ilustrado\/#breadcrumb\",\"itemListElement\":[{\"@type\":\"ListItem\",\"position\":1,\"name\":\"Home\",\"item\":\"https:\/\/elsordo.net\/es\/\"},{\"@type\":\"ListItem\",\"position\":2,\"name\":\"Shop\",\"item\":\"https:\/\/elsordo.net\/es\/shop\/\"},{\"@type\":\"ListItem\",\"position\":3,\"name\":\"Ultra Diversas Roturas Breves \u2013 Libro de poes\u00eda ilustrado\"}]},{\"@type\":\"WebSite\",\"@id\":\"https:\/\/elsordo.net\/es\/#website\",\"url\":\"https:\/\/elsordo.net\/es\/\",\"name\":\"ElSordo.net\",\"description\":\"ElSordo es un sello editorial independiente, un proyecto de autoedici\u00f3n de Libros de Artista y Fanzines, Obra Gr\u00e1fica seriada, Prints y venta de Arte original\",\"publisher\":{\"@id\":\"https:\/\/elsordo.net\/es\/#organization\"},\"potentialAction\":[{\"@type\":\"SearchAction\",\"target\":{\"@type\":\"EntryPoint\",\"urlTemplate\":\"https:\/\/elsordo.net\/es\/?s={search_term_string}\"},\"query-input\":{\"@type\":\"PropertyValueSpecification\",\"valueRequired\":true,\"valueName\":\"search_term_string\"}}],\"inLanguage\":\"es\"},{\"@type\":\"Organization\",\"@id\":\"https:\/\/elsordo.net\/es\/#organization\",\"name\":\"ElSordo Ediciones\",\"url\":\"https:\/\/elsordo.net\/es\/\",\"logo\":{\"@type\":\"ImageObject\",\"inLanguage\":\"es\",\"@id\":\"https:\/\/elsordo.net\/es\/#\/schema\/logo\/image\/\",\"url\":\"https:\/\/elsordo.net\/es\/wp-content\/uploads\/2021\/12\/Logo-web-ElSordo.net-223x50-1.svg\",\"contentUrl\":\"https:\/\/elsordo.net\/es\/wp-content\/uploads\/2021\/12\/Logo-web-ElSordo.net-223x50-1.svg\",\"width\":220,\"height\":50,\"caption\":\"ElSordo Ediciones\"},\"image\":{\"@id\":\"https:\/\/elsordo.net\/es\/#\/schema\/logo\/image\/\"},\"sameAs\":[\"https:\/\/www.instagram.com\/elsordo_net\/\"]}]}<\/script>\n<!-- \/ Yoast SEO plugin. -->","yoast_head_json":{"title":"Ultra Diversas Roturas Breves \u2013 Libro de poes\u00eda ilustrado | ElSordo.net","description":"Ultra Diversas Roturas Breves, de Mario Jodra, es una recopilaci\u00f3n de poes\u00edas in\u00e9ditas escritas en diferentes \u00e9pocas, ilustradas con dibujos del propio poeta","robots":{"index":"index","follow":"follow","max-snippet":"max-snippet:-1","max-image-preview":"max-image-preview:large","max-video-preview":"max-video-preview:-1"},"canonical":"https:\/\/elsordo.net\/es\/arte\/ultra-diversas-roturas-breves-libro-de-poesia-ilustrado\/","og_locale":"es_ES","og_type":"article","og_title":"Ultra Diversas Roturas Breves \u2013 Libro de poes\u00eda ilustrado | ElSordo.net","og_description":"Ultra Diversas Roturas Breves, de Mario Jodra, es una recopilaci\u00f3n de poes\u00edas in\u00e9ditas escritas en diferentes \u00e9pocas, ilustradas con dibujos del propio poeta","og_url":"https:\/\/elsordo.net\/es\/arte\/ultra-diversas-roturas-breves-libro-de-poesia-ilustrado\/","og_site_name":"ElSordo.net","article_modified_time":"2025-11-17T13:45:14+00:00","og_image":[{"url":"https:\/\/elsordo.net\/es\/wp-content\/uploads\/2021\/11\/Logo-ElSordo.net-3.png","type":"","width":"","height":""}],"twitter_card":"summary_large_image","twitter_misc":{"Tiempo de lectura":"1 minuto"},"schema":{"@context":"https:\/\/schema.org","@graph":[{"@type":"WebPage","@id":"https:\/\/elsordo.net\/es\/arte\/ultra-diversas-roturas-breves-libro-de-poesia-ilustrado\/","url":"https:\/\/elsordo.net\/es\/arte\/ultra-diversas-roturas-breves-libro-de-poesia-ilustrado\/","name":"Ultra Diversas Roturas Breves \u2013 Libro de poes\u00eda ilustrado | ElSordo.net","isPartOf":{"@id":"https:\/\/elsordo.net\/es\/#website"},"primaryImageOfPage":{"@id":"https:\/\/elsordo.net\/es\/arte\/ultra-diversas-roturas-breves-libro-de-poesia-ilustrado\/#primaryimage"},"image":{"@id":"https:\/\/elsordo.net\/es\/arte\/ultra-diversas-roturas-breves-libro-de-poesia-ilustrado\/#primaryimage"},"thumbnailUrl":"https:\/\/elsordo.net\/es\/wp-content\/uploads\/2022\/10\/01-portada.jpg","datePublished":"2022-10-10T09:50:07+00:00","dateModified":"2025-11-17T13:45:14+00:00","description":"Ultra Diversas Roturas Breves, de Mario Jodra, es una recopilaci\u00f3n de poes\u00edas in\u00e9ditas escritas en diferentes \u00e9pocas, ilustradas con dibujos del propio poeta","breadcrumb":{"@id":"https:\/\/elsordo.net\/es\/arte\/ultra-diversas-roturas-breves-libro-de-poesia-ilustrado\/#breadcrumb"},"inLanguage":"es","potentialAction":[{"@type":"ReadAction","target":["https:\/\/elsordo.net\/es\/arte\/ultra-diversas-roturas-breves-libro-de-poesia-ilustrado\/"]}]},{"@type":"ImageObject","inLanguage":"es","@id":"https:\/\/elsordo.net\/es\/arte\/ultra-diversas-roturas-breves-libro-de-poesia-ilustrado\/#primaryimage","url":"https:\/\/elsordo.net\/es\/wp-content\/uploads\/2022\/10\/01-portada.jpg","contentUrl":"https:\/\/elsordo.net\/es\/wp-content\/uploads\/2022\/10\/01-portada.jpg","width":2000,"height":2505,"caption":"Ultra Diversas Roturas Breves - Poetry Book, by Mario Jodra"},{"@type":"BreadcrumbList","@id":"https:\/\/elsordo.net\/es\/arte\/ultra-diversas-roturas-breves-libro-de-poesia-ilustrado\/#breadcrumb","itemListElement":[{"@type":"ListItem","position":1,"name":"Home","item":"https:\/\/elsordo.net\/es\/"},{"@type":"ListItem","position":2,"name":"Shop","item":"https:\/\/elsordo.net\/es\/shop\/"},{"@type":"ListItem","position":3,"name":"Ultra Diversas Roturas Breves \u2013 Libro de poes\u00eda ilustrado"}]},{"@type":"WebSite","@id":"https:\/\/elsordo.net\/es\/#website","url":"https:\/\/elsordo.net\/es\/","name":"ElSordo.net","description":"ElSordo es un sello editorial independiente, un proyecto de autoedici\u00f3n de Libros de Artista y Fanzines, Obra Gr\u00e1fica seriada, Prints y venta de Arte original","publisher":{"@id":"https:\/\/elsordo.net\/es\/#organization"},"potentialAction":[{"@type":"SearchAction","target":{"@type":"EntryPoint","urlTemplate":"https:\/\/elsordo.net\/es\/?s={search_term_string}"},"query-input":{"@type":"PropertyValueSpecification","valueRequired":true,"valueName":"search_term_string"}}],"inLanguage":"es"},{"@type":"Organization","@id":"https:\/\/elsordo.net\/es\/#organization","name":"ElSordo Ediciones","url":"https:\/\/elsordo.net\/es\/","logo":{"@type":"ImageObject","inLanguage":"es","@id":"https:\/\/elsordo.net\/es\/#\/schema\/logo\/image\/","url":"https:\/\/elsordo.net\/es\/wp-content\/uploads\/2021\/12\/Logo-web-ElSordo.net-223x50-1.svg","contentUrl":"https:\/\/elsordo.net\/es\/wp-content\/uploads\/2021\/12\/Logo-web-ElSordo.net-223x50-1.svg","width":220,"height":50,"caption":"ElSordo Ediciones"},"image":{"@id":"https:\/\/elsordo.net\/es\/#\/schema\/logo\/image\/"},"sameAs":["https:\/\/www.instagram.com\/elsordo_net\/"]}]}},"_links":{"self":[{"href":"https:\/\/elsordo.net\/es\/wp-json\/wp\/v2\/product\/12945","targetHints":{"allow":["GET"]}}],"collection":[{"href":"https:\/\/elsordo.net\/es\/wp-json\/wp\/v2\/product"}],"about":[{"href":"https:\/\/elsordo.net\/es\/wp-json\/wp\/v2\/types\/product"}],"wp:featuredmedia":[{"embeddable":true,"href":"https:\/\/elsordo.net\/es\/wp-json\/wp\/v2\/media\/12948"}],"wp:attachment":[{"href":"https:\/\/elsordo.net\/es\/wp-json\/wp\/v2\/media?parent=12945"}],"wp:term":[{"taxonomy":"product_brand","embeddable":true,"href":"https:\/\/elsordo.net\/es\/wp-json\/wp\/v2\/product_brand?post=12945"},{"taxonomy":"product_cat","embeddable":true,"href":"https:\/\/elsordo.net\/es\/wp-json\/wp\/v2\/product_cat?post=12945"},{"taxonomy":"product_tag","embeddable":true,"href":"https:\/\/elsordo.net\/es\/wp-json\/wp\/v2\/product_tag?post=12945"}],"curies":[{"name":"wp","href":"https:\/\/api.w.org\/{rel}","templated":true}]}}